{"id":10,"date":"2023-01-08T21:41:02","date_gmt":"2023-01-08T20:41:02","guid":{"rendered":"https:\/\/www.muz-piecha.de\/wordpress\/?page_id=10"},"modified":"2023-08-27T08:51:29","modified_gmt":"2023-08-27T07:51:29","slug":"startseite","status":"publish","type":"page","link":"https:\/\/www.muz-piecha.de\/wordpress\/","title":{"rendered":"Home"},"content":{"rendered":"\t\t<div data-elementor-type=\"wp-page\" data-elementor-id=\"10\" class=\"elementor elementor-10\">\n\t\t\t\t\t\t\t\t\t<section class=\"elementor-section elementor-top-section elementor-element elementor-element-0fdc95c elementor-section-full_width elementor-section-height-min-height elementor-section-height-default elementor-section-items-middle\" data-id=\"0fdc95c\" data-element_type=\"section\" data-settings=\"{&quot;background_background&quot;:&quot;slideshow&quot;,&quot;background_slideshow_gallery&quot;:[{&quot;id&quot;:671,&quot;url&quot;:&quot;https:\\\/\\\/www.muz-piecha.de\\\/wordpress\\\/wp-content\\\/uploads\\\/2023\\\/01\\\/HOME_iStock-1137352478-scaled.jpg&quot;},{&quot;id&quot;:673,&quot;url&quot;:&quot;https:\\\/\\\/www.muz-piecha.de\\\/wordpress\\\/wp-content\\\/uploads\\\/2023\\\/01\\\/HOME_iStock-90991202-scaled.jpg&quot;}],&quot;background_slideshow_slide_duration&quot;:9000,&quot;animation&quot;:&quot;none&quot;,&quot;animation_delay&quot;:300,&quot;background_slideshow_ken_burns&quot;:&quot;yes&quot;,&quot;shape_divider_bottom&quot;:&quot;triangle-asymmetrical&quot;,&quot;shape_divider_bottom_negative&quot;:&quot;yes&quot;,&quot;background_slideshow_transition_duration&quot;:1100,&quot;background_slideshow_loop&quot;:&quot;yes&quot;,&quot;background_slideshow_slide_transition&quot;:&quot;fade&quot;,&quot;background_slideshow_ken_burns_zoom_direction&quot;:&quot;in&quot;}\">\n\t\t\t\t\t\t\t<div class=\"elementor-background-overlay\"><\/div>\n\t\t\t\t\t\t<div class=\"elementor-shape elementor-shape-bottom\" data-negative=\"true\">\n\t\t\t<svg xmlns=\"http:\/\/www.w3.org\/2000\/svg\" viewBox=\"0 0 1000 100\" preserveAspectRatio=\"none\">\n\t<path class=\"elementor-shape-fill\" d=\"M737.9,94.7L0,0v100h1000V0L737.9,94.7z\"\/>\n<\/svg>\t\t<\/div>\n\t\t\t\t\t<div class=\"elementor-container elementor-column-gap-no\">\n\t\t\t\t\t<div class=\"elementor-column elementor-col-100 elementor-top-column elementor-element elementor-element-3071fa5\" data-id=\"3071fa5\" data-element_type=\"column\" data-settings=\"{&quot;background_background&quot;:&quot;classic&quot;}\">\n\t\t\t<div class=\"elementor-widget-wrap elementor-element-populated\">\n\t\t\t\t\t\t\t\t<div class=\"elementor-element elementor-element-34862fe elementor-hidden-mobile elementor-widget elementor-widget-heading\" data-id=\"34862fe\" data-element_type=\"widget\" data-widget_type=\"heading.default\">\n\t\t\t\t<div class=\"elementor-widget-container\">\n\t\t\t<style>\/*! elementor - v3.9.2 - 21-12-2022 *\/\n.elementor-heading-title{padding:0;margin:0;line-height:1}.elementor-widget-heading .elementor-heading-title[class*=elementor-size-]>a{color:inherit;font-size:inherit;line-height:inherit}.elementor-widget-heading .elementor-heading-title.elementor-size-small{font-size:15px}.elementor-widget-heading .elementor-heading-title.elementor-size-medium{font-size:19px}.elementor-widget-heading .elementor-heading-title.elementor-size-large{font-size:29px}.elementor-widget-heading .elementor-heading-title.elementor-size-xl{font-size:39px}.elementor-widget-heading .elementor-heading-title.elementor-size-xxl{font-size:59px}<\/style><h2 class=\"elementor-heading-title elementor-size-default\">Professionelle Bauwerksvermessung seit mehr als 25 Jahren<\/h2>\t\t<\/div>\n\t\t\t\t<\/div>\n\t\t\t\t<div class=\"elementor-element elementor-element-38d632c elementor-hidden-desktop elementor-hidden-tablet elementor-widget elementor-widget-heading\" data-id=\"38d632c\" data-element_type=\"widget\" data-widget_type=\"heading.default\">\n\t\t\t\t<div class=\"elementor-widget-container\">\n\t\t\t<h2 class=\"elementor-heading-title elementor-size-default\">Professionelle Vermessung von Bauwerken seit \u00fcber 20 Jahren<\/h2>\t\t<\/div>\n\t\t\t\t<\/div>\n\t\t\t\t<div class=\"elementor-element elementor-element-8152f20 elementor-widget elementor-widget-heading\" data-id=\"8152f20\" data-element_type=\"widget\" data-widget_type=\"heading.default\">\n\t\t\t\t<div class=\"elementor-widget-container\">\n\t\t\t<h3 class=\"elementor-heading-title elementor-size-medium\"><b>zuverl\u00e4ssig, kompetent &amp; pr\u00e4zise<\/b><\/h3>\t\t<\/div>\n\t\t\t\t<\/div>\n\t\t\t\t\t<\/div>\n\t\t<\/div>\n\t\t\t\t\t\t\t<\/div>\n\t\t<\/section>\n\t\t\t\t<section class=\"elementor-section elementor-top-section elementor-element elementor-element-e02daac elementor-section-boxed elementor-section-height-default elementor-section-height-default\" data-id=\"e02daac\" data-element_type=\"section\" data-settings=\"{&quot;background_background&quot;:&quot;classic&quot;}\">\n\t\t\t\t\t\t<div class=\"elementor-container elementor-column-gap-default\">\n\t\t\t\t\t<div class=\"elementor-column elementor-col-100 elementor-top-column elementor-element elementor-element-97eaad5\" data-id=\"97eaad5\" data-element_type=\"column\" data-settings=\"{&quot;background_background&quot;:&quot;classic&quot;}\">\n\t\t\t<div class=\"elementor-widget-wrap elementor-element-populated\">\n\t\t\t\t\t\t\t\t<div class=\"elementor-element elementor-element-60ca873 elementor-widget elementor-widget-spacer\" data-id=\"60ca873\" data-element_type=\"widget\" data-widget_type=\"spacer.default\">\n\t\t\t\t<div class=\"elementor-widget-container\">\n\t\t\t<style>\/*! elementor - v3.9.2 - 21-12-2022 *\/\n.elementor-column .elementor-spacer-inner{height:var(--spacer-size)}.e-con{--container-widget-width:100%}.e-con-inner>.elementor-widget-spacer,.e-con>.elementor-widget-spacer{width:var(--container-widget-width,var(--spacer-size));--align-self:var(--container-widget-align-self,initial);--flex-shrink:0}.e-con-inner>.elementor-widget-spacer>.elementor-widget-container,.e-con-inner>.elementor-widget-spacer>.elementor-widget-container>.elementor-spacer,.e-con>.elementor-widget-spacer>.elementor-widget-container,.e-con>.elementor-widget-spacer>.elementor-widget-container>.elementor-spacer{height:100%}.e-con-inner>.elementor-widget-spacer>.elementor-widget-container>.elementor-spacer>.elementor-spacer-inner,.e-con>.elementor-widget-spacer>.elementor-widget-container>.elementor-spacer>.elementor-spacer-inner{height:var(--container-widget-height,var(--spacer-size))}<\/style>\t\t<div class=\"elementor-spacer\">\n\t\t\t<div class=\"elementor-spacer-inner\"><\/div>\n\t\t<\/div>\n\t\t\t\t<\/div>\n\t\t\t\t<\/div>\n\t\t\t\t\t<\/div>\n\t\t<\/div>\n\t\t\t\t\t\t\t<\/div>\n\t\t<\/section>\n\t\t\t\t<section class=\"elementor-section elementor-top-section elementor-element elementor-element-e170bde elementor-section-boxed elementor-section-height-default elementor-section-height-default\" data-id=\"e170bde\" data-element_type=\"section\" data-settings=\"{&quot;background_background&quot;:&quot;classic&quot;}\">\n\t\t\t\t\t\t<div class=\"elementor-container elementor-column-gap-default\">\n\t\t\t\t\t<div class=\"elementor-column elementor-col-25 elementor-top-column elementor-element elementor-element-d5e3520\" data-id=\"d5e3520\" data-element_type=\"column\">\n\t\t\t<div class=\"elementor-widget-wrap elementor-element-populated\">\n\t\t\t\t\t\t\t\t<div class=\"elementor-element elementor-element-92de96f elementor-widget elementor-widget-heading\" data-id=\"92de96f\" data-element_type=\"widget\" data-widget_type=\"heading.default\">\n\t\t\t\t<div class=\"elementor-widget-container\">\n\t\t\t<h1 class=\"elementor-heading-title elementor-size-medium\">Bauwerksvermessung<\/h1>\t\t<\/div>\n\t\t\t\t<\/div>\n\t\t\t\t<div class=\"elementor-element elementor-element-4342e09 elementor-widget elementor-widget-image\" data-id=\"4342e09\" data-element_type=\"widget\" data-widget_type=\"image.default\">\n\t\t\t\t<div class=\"elementor-widget-container\">\n\t\t\t<style>\/*! elementor - v3.9.2 - 21-12-2022 *\/\n.elementor-widget-image{text-align:center}.elementor-widget-image a{display:inline-block}.elementor-widget-image a img[src$=\".svg\"]{width:48px}.elementor-widget-image img{vertical-align:middle;display:inline-block}<\/style>\t\t\t\t\t\t\t\t\t\t\t\t<img loading=\"lazy\" decoding=\"async\" width=\"768\" height=\"576\" src=\"https:\/\/www.muz-piecha.de\/wordpress\/wp-content\/uploads\/2023\/05\/Raw_1-768x576.png\" class=\"attachment-medium_large size-medium_large wp-image-870\" alt=\"\" srcset=\"https:\/\/www.muz-piecha.de\/wordpress\/wp-content\/uploads\/2023\/05\/Raw_1-768x576.png 768w, https:\/\/www.muz-piecha.de\/wordpress\/wp-content\/uploads\/2023\/05\/Raw_1-300x225.png 300w, https:\/\/www.muz-piecha.de\/wordpress\/wp-content\/uploads\/2023\/05\/Raw_1.png 800w\" sizes=\"auto, (max-width: 768px) 100vw, 768px\" \/>\t\t\t\t\t\t\t\t\t\t\t\t\t\t\t<\/div>\n\t\t\t\t<\/div>\n\t\t\t\t<div class=\"elementor-element elementor-element-84e2e2b elementor-widget elementor-widget-text-editor\" data-id=\"84e2e2b\" data-element_type=\"widget\" data-widget_type=\"text-editor.default\">\n\t\t\t\t<div class=\"elementor-widget-container\">\n\t\t\t<style>\/*! elementor - v3.9.2 - 21-12-2022 *\/\n.elementor-widget-text-editor.elementor-drop-cap-view-stacked .elementor-drop-cap{background-color:#818a91;color:#fff}.elementor-widget-text-editor.elementor-drop-cap-view-framed .elementor-drop-cap{color:#818a91;border:3px solid;background-color:transparent}.elementor-widget-text-editor:not(.elementor-drop-cap-view-default) .elementor-drop-cap{margin-top:8px}.elementor-widget-text-editor:not(.elementor-drop-cap-view-default) .elementor-drop-cap-letter{width:1em;height:1em}.elementor-widget-text-editor .elementor-drop-cap{float:left;text-align:center;line-height:1;font-size:50px}.elementor-widget-text-editor .elementor-drop-cap-letter{display:inline-block}<\/style>\t\t\t\t<p>Wir \u00fcbernehmen sowohl die Komplettvermessung von Geb\u00e4udebest\u00e4nden als auch Projekte zur Erg\u00e4nzung von Unterlagen oder zur Kontrolle vorhandener Pl\u00e4ne. Unsere Experten sind spezialisiert auf <span style=\"text-decoration: underline;\"><a href=\"https:\/\/www.muz-piecha.de\/wordpress\/?page_id=148\">Gewerbeimmobilien<\/a><\/span>, <a href=\"https:\/\/www.muz-piecha.de\/wordpress\/?page_id=151\"><span style=\"text-decoration: underline;\">Wohnungsaufma\u00df<\/span><\/a> sowie <a href=\"https:\/\/www.muz-piecha.de\/wordpress\/?page_id=154\"><span style=\"text-decoration: underline;\">Denkmalschutz<\/span><\/a>.<\/p>\t\t\t\t\t\t<\/div>\n\t\t\t\t<\/div>\n\t\t\t\t\t<\/div>\n\t\t<\/div>\n\t\t\t\t<div class=\"elementor-column elementor-col-25 elementor-top-column elementor-element elementor-element-91acb54\" data-id=\"91acb54\" data-element_type=\"column\">\n\t\t\t<div class=\"elementor-widget-wrap elementor-element-populated\">\n\t\t\t\t\t\t\t\t<div class=\"elementor-element elementor-element-8c099ce elementor-widget elementor-widget-heading\" data-id=\"8c099ce\" data-element_type=\"widget\" data-widget_type=\"heading.default\">\n\t\t\t\t<div class=\"elementor-widget-container\">\n\t\t\t<h1 class=\"elementor-heading-title elementor-size-medium\">3D-Laserscanning<\/h1>\t\t<\/div>\n\t\t\t\t<\/div>\n\t\t\t\t<div class=\"elementor-element elementor-element-f99f0c0 elementor-widget elementor-widget-image\" data-id=\"f99f0c0\" data-element_type=\"widget\" data-widget_type=\"image.default\">\n\t\t\t\t<div class=\"elementor-widget-container\">\n\t\t\t\t\t\t\t\t\t\t\t\t\t\t\t<img loading=\"lazy\" decoding=\"async\" width=\"768\" height=\"576\" src=\"https:\/\/www.muz-piecha.de\/wordpress\/wp-content\/uploads\/2023\/04\/Thomas_Scanner-768x576.png\" class=\"attachment-medium_large size-medium_large wp-image-765\" alt=\"\" srcset=\"https:\/\/www.muz-piecha.de\/wordpress\/wp-content\/uploads\/2023\/04\/Thomas_Scanner-768x576.png 768w, https:\/\/www.muz-piecha.de\/wordpress\/wp-content\/uploads\/2023\/04\/Thomas_Scanner-300x225.png 300w, https:\/\/www.muz-piecha.de\/wordpress\/wp-content\/uploads\/2023\/04\/Thomas_Scanner.png 800w\" sizes=\"auto, (max-width: 768px) 100vw, 768px\" \/>\t\t\t\t\t\t\t\t\t\t\t\t\t\t\t<\/div>\n\t\t\t\t<\/div>\n\t\t\t\t<div class=\"elementor-element elementor-element-4e12920 elementor-widget elementor-widget-text-editor\" data-id=\"4e12920\" data-element_type=\"widget\" data-widget_type=\"text-editor.default\">\n\t\t\t\t<div class=\"elementor-widget-container\">\n\t\t\t\t\t\t\t<p>Mit 3D-Laserscannern setzen wir auf innovative Technologie f\u00fcr eine schnelle und ber\u00fchrungslose Bestandserfassung komplexer Strukturen. Bereits seit mehr als 5 Jahren kommen bei uns moderne <span style=\"text-decoration: underline;\"><a href=\"https:\/\/www.muz-piecha.de\/wordpress\/?page_id=160\">3D-Laserscanner<\/a><\/span>\u00a0zum Einsatz, aktuell mit dem Trimble X7 und SX10.<\/p>\t\t\t\t\t\t<\/div>\n\t\t\t\t<\/div>\n\t\t\t\t\t<\/div>\n\t\t<\/div>\n\t\t\t\t<div class=\"elementor-column elementor-col-25 elementor-top-column elementor-element elementor-element-d46a353\" data-id=\"d46a353\" data-element_type=\"column\">\n\t\t\t<div class=\"elementor-widget-wrap elementor-element-populated\">\n\t\t\t\t\t\t\t\t<div class=\"elementor-element elementor-element-cfe4a4d elementor-widget elementor-widget-heading\" data-id=\"cfe4a4d\" data-element_type=\"widget\" data-widget_type=\"heading.default\">\n\t\t\t\t<div class=\"elementor-widget-container\">\n\t\t\t<h1 class=\"elementor-heading-title elementor-size-medium\">CAD-Zeichenservice<\/h1>\t\t<\/div>\n\t\t\t\t<\/div>\n\t\t\t\t<div class=\"elementor-element elementor-element-573fd6a elementor-widget elementor-widget-image\" data-id=\"573fd6a\" data-element_type=\"widget\" data-widget_type=\"image.default\">\n\t\t\t\t<div class=\"elementor-widget-container\">\n\t\t\t\t\t\t\t\t\t\t\t\t\t\t\t<img loading=\"lazy\" decoding=\"async\" width=\"768\" height=\"576\" src=\"https:\/\/www.muz-piecha.de\/wordpress\/wp-content\/uploads\/2023\/05\/Jandorf_1-768x576.png\" class=\"attachment-medium_large size-medium_large wp-image-880\" alt=\"\" srcset=\"https:\/\/www.muz-piecha.de\/wordpress\/wp-content\/uploads\/2023\/05\/Jandorf_1-768x576.png 768w, https:\/\/www.muz-piecha.de\/wordpress\/wp-content\/uploads\/2023\/05\/Jandorf_1-300x225.png 300w, https:\/\/www.muz-piecha.de\/wordpress\/wp-content\/uploads\/2023\/05\/Jandorf_1.png 800w\" sizes=\"auto, (max-width: 768px) 100vw, 768px\" \/>\t\t\t\t\t\t\t\t\t\t\t\t\t\t\t<\/div>\n\t\t\t\t<\/div>\n\t\t\t\t<div class=\"elementor-element elementor-element-18ac198 elementor-widget elementor-widget-text-editor\" data-id=\"18ac198\" data-element_type=\"widget\" data-widget_type=\"text-editor.default\">\n\t\t\t\t<div class=\"elementor-widget-container\">\n\t\t\t\t\t\t\t<p>Wir erstellen technische Zeichnungen und 3D-Modelle komplexer Geb\u00e4ude auf Grundlage Ihrer Vorgaben und bieten umfangreiche Betreuung rund um das Scannen und Plotten.<\/p>\t\t\t\t\t\t<\/div>\n\t\t\t\t<\/div>\n\t\t\t\t\t<\/div>\n\t\t<\/div>\n\t\t\t\t<div class=\"elementor-column elementor-col-25 elementor-top-column elementor-element elementor-element-a216e09\" data-id=\"a216e09\" data-element_type=\"column\">\n\t\t\t<div class=\"elementor-widget-wrap elementor-element-populated\">\n\t\t\t\t\t\t\t\t<div class=\"elementor-element elementor-element-9844919 elementor-widget elementor-widget-heading\" data-id=\"9844919\" data-element_type=\"widget\" data-widget_type=\"heading.default\">\n\t\t\t\t<div class=\"elementor-widget-container\">\n\t\t\t<h1 class=\"elementor-heading-title elementor-size-medium\">Fl\u00e4chenberechnung<\/h1>\t\t<\/div>\n\t\t\t\t<\/div>\n\t\t\t\t<div class=\"elementor-element elementor-element-f4bbaf6 elementor-widget elementor-widget-image\" data-id=\"f4bbaf6\" data-element_type=\"widget\" data-widget_type=\"image.default\">\n\t\t\t\t<div class=\"elementor-widget-container\">\n\t\t\t\t\t\t\t\t\t\t\t\t\t\t\t<img loading=\"lazy\" decoding=\"async\" width=\"768\" height=\"576\" src=\"https:\/\/www.muz-piecha.de\/wordpress\/wp-content\/uploads\/2023\/04\/Brunnenstr_4-768x576.png\" class=\"attachment-medium_large size-medium_large wp-image-800\" alt=\"\" srcset=\"https:\/\/www.muz-piecha.de\/wordpress\/wp-content\/uploads\/2023\/04\/Brunnenstr_4-768x576.png 768w, https:\/\/www.muz-piecha.de\/wordpress\/wp-content\/uploads\/2023\/04\/Brunnenstr_4-300x225.png 300w, https:\/\/www.muz-piecha.de\/wordpress\/wp-content\/uploads\/2023\/04\/Brunnenstr_4.png 800w\" sizes=\"auto, (max-width: 768px) 100vw, 768px\" \/>\t\t\t\t\t\t\t\t\t\t\t\t\t\t\t<\/div>\n\t\t\t\t<\/div>\n\t\t\t\t<div class=\"elementor-element elementor-element-d578865 elementor-widget elementor-widget-text-editor\" data-id=\"d578865\" data-element_type=\"widget\" data-widget_type=\"text-editor.default\">\n\t\t\t\t<div class=\"elementor-widget-container\">\n\t\t\t\t\t\t\t<p>Der Wert einer Immobilie definiert sich in hohem Ma\u00dfe durch seine Fl\u00e4che. Wir ermitteln Wohn- und Nebenfl\u00e4chen von <a href=\"https:\/\/www.muz-piecha.de\/wordpress\/?page_id=151\">Wohngeb\u00e4uden<\/a>, sowie vermietbare Fl\u00e4chen und Gemeinschaftsfl\u00e4chen von <a href=\"https:\/\/www.muz-piecha.de\/wordpress\/?page_id=148\">Gewerbeimmobilien<\/a>.<\/p>\t\t\t\t\t\t<\/div>\n\t\t\t\t<\/div>\n\t\t\t\t\t<\/div>\n\t\t<\/div>\n\t\t\t\t\t\t\t<\/div>\n\t\t<\/section>\n\t\t\t\t<section class=\"elementor-section elementor-top-section elementor-element elementor-element-3056e1c elementor-section-boxed elementor-section-height-default elementor-section-height-default\" data-id=\"3056e1c\" data-element_type=\"section\" data-settings=\"{&quot;background_background&quot;:&quot;classic&quot;}\">\n\t\t\t\t\t\t<div class=\"elementor-container elementor-column-gap-default\">\n\t\t\t\t\t<div class=\"elementor-column elementor-col-100 elementor-top-column elementor-element elementor-element-e145049\" data-id=\"e145049\" data-element_type=\"column\" data-settings=\"{&quot;background_background&quot;:&quot;classic&quot;}\">\n\t\t\t<div class=\"elementor-widget-wrap elementor-element-populated\">\n\t\t\t\t\t\t\t\t<div class=\"elementor-element elementor-element-0b26fdb elementor-widget elementor-widget-spacer\" data-id=\"0b26fdb\" data-element_type=\"widget\" data-widget_type=\"spacer.default\">\n\t\t\t\t<div class=\"elementor-widget-container\">\n\t\t\t\t\t<div class=\"elementor-spacer\">\n\t\t\t<div class=\"elementor-spacer-inner\"><\/div>\n\t\t<\/div>\n\t\t\t\t<\/div>\n\t\t\t\t<\/div>\n\t\t\t\t\t<\/div>\n\t\t<\/div>\n\t\t\t\t\t\t\t<\/div>\n\t\t<\/section>\n\t\t\t\t<section class=\"elementor-section elementor-top-section elementor-element elementor-element-56f7f93 elementor-section-full_width elementor-section-height-min-height elementor-section-height-default elementor-section-items-middle\" data-id=\"56f7f93\" data-element_type=\"section\" data-settings=\"{&quot;background_background&quot;:&quot;classic&quot;,&quot;animation&quot;:&quot;none&quot;,&quot;animation_delay&quot;:300,&quot;shape_divider_top&quot;:&quot;triangle-asymmetrical&quot;,&quot;shape_divider_top_negative&quot;:&quot;yes&quot;}\">\n\t\t\t\t\t\t\t<div class=\"elementor-background-overlay\"><\/div>\n\t\t\t\t\t\t<div class=\"elementor-shape elementor-shape-top\" data-negative=\"true\">\n\t\t\t<svg xmlns=\"http:\/\/www.w3.org\/2000\/svg\" viewBox=\"0 0 1000 100\" preserveAspectRatio=\"none\">\n\t<path class=\"elementor-shape-fill\" d=\"M737.9,94.7L0,0v100h1000V0L737.9,94.7z\"\/>\n<\/svg>\t\t<\/div>\n\t\t\t\t\t<div class=\"elementor-container elementor-column-gap-no\">\n\t\t\t\t\t<div class=\"elementor-column elementor-col-100 elementor-top-column elementor-element elementor-element-d3076e1\" data-id=\"d3076e1\" data-element_type=\"column\" data-settings=\"{&quot;background_background&quot;:&quot;classic&quot;}\">\n\t\t\t<div class=\"elementor-widget-wrap elementor-element-populated\">\n\t\t\t\t\t\t\t\t<div class=\"elementor-element elementor-element-8829821 elementor-widget elementor-widget-heading\" data-id=\"8829821\" data-element_type=\"widget\" data-widget_type=\"heading.default\">\n\t\t\t\t<div class=\"elementor-widget-container\">\n\t\t\t<h3 class=\"elementor-heading-title elementor-size-default\">Kontaktieren Sie uns gern,<\/h3>\t\t<\/div>\n\t\t\t\t<\/div>\n\t\t\t\t<div class=\"elementor-element elementor-element-884d03a elementor-widget elementor-widget-heading\" data-id=\"884d03a\" data-element_type=\"widget\" data-widget_type=\"heading.default\">\n\t\t\t\t<div class=\"elementor-widget-container\">\n\t\t\t<h3 class=\"elementor-heading-title elementor-size-medium\"><b>wir beraten, planen, messen &amp; zeichnen.<\/b><\/h3>\t\t<\/div>\n\t\t\t\t<\/div>\n\t\t\t\t\t<\/div>\n\t\t<\/div>\n\t\t\t\t\t\t\t<\/div>\n\t\t<\/section>\n\t\t\t\t\t\t\t<\/div>\n\t\t","protected":false},"excerpt":{"rendered":"<p>Professionelle Bauwerksvermessung seit mehr als 25 Jahren Professionelle Vermessung von Bauwerken seit \u00fcber 20 Jahren zuverl\u00e4ssig, kompetent &amp; pr\u00e4zise Bauwerksvermessung Wir \u00fcbernehmen sowohl die Komplettvermessung von Geb\u00e4udebest\u00e4nden als auch Projekte zur Erg\u00e4nzung von Unterlagen oder zur Kontrolle vorhandener Pl\u00e4ne. Unsere Experten sind spezialisiert auf Gewerbeimmobilien, Wohnungsaufma\u00df sowie Denkmalschutz. 3D-Laserscanning Mit 3D-Laserscannern setzen wir auf innovative &#8230; <a title=\"Home\" class=\"read-more\" href=\"https:\/\/www.muz-piecha.de\/wordpress\/\" aria-label=\"Mehr dazu unter Home\">Weiterlesen<\/a><\/p>\n","protected":false},"author":1,"featured_media":0,"parent":0,"menu_order":0,"comment_status":"closed","ping_status":"closed","template":"","meta":{"footnotes":""},"class_list":["post-10","page","type-page","status-publish"],"_links":{"self":[{"href":"https:\/\/www.muz-piecha.de\/wordpress\/index.php?rest_route=\/wp\/v2\/pages\/10","targetHints":{"allow":["GET"]}}],"collection":[{"href":"https:\/\/www.muz-piecha.de\/wordpress\/index.php?rest_route=\/wp\/v2\/pages"}],"about":[{"href":"https:\/\/www.muz-piecha.de\/wordpress\/index.php?rest_route=\/wp\/v2\/types\/page"}],"author":[{"embeddable":true,"href":"https:\/\/www.muz-piecha.de\/wordpress\/index.php?rest_route=\/wp\/v2\/users\/1"}],"replies":[{"embeddable":true,"href":"https:\/\/www.muz-piecha.de\/wordpress\/index.php?rest_route=%2Fwp%2Fv2%2Fcomments&post=10"}],"version-history":[{"count":168,"href":"https:\/\/www.muz-piecha.de\/wordpress\/index.php?rest_route=\/wp\/v2\/pages\/10\/revisions"}],"predecessor-version":[{"id":1040,"href":"https:\/\/www.muz-piecha.de\/wordpress\/index.php?rest_route=\/wp\/v2\/pages\/10\/revisions\/1040"}],"wp:attachment":[{"href":"https:\/\/www.muz-piecha.de\/wordpress\/index.php?rest_route=%2Fwp%2Fv2%2Fmedia&parent=10"}],"curies":[{"name":"wp","href":"https:\/\/api.w.org\/{rel}","templated":true}]}}