{"id":148,"date":"2023-01-09T12:05:54","date_gmt":"2023-01-09T11:05:54","guid":{"rendered":"https:\/\/www.muz-piecha.de\/wordpress\/?page_id=148"},"modified":"2023-08-27T09:05:13","modified_gmt":"2023-08-27T08:05:13","slug":"gewerbeimmobilien","status":"publish","type":"page","link":"https:\/\/www.muz-piecha.de\/wordpress\/?page_id=148","title":{"rendered":"Gewerbeimmobilien"},"content":{"rendered":"\t\t<div data-elementor-type=\"wp-page\" data-elementor-id=\"148\" class=\"elementor elementor-148\">\n\t\t\t\t\t\t\t\t\t<section class=\"elementor-section elementor-top-section elementor-element elementor-element-3f68760 elementor-section-height-min-height elementor-section-boxed elementor-section-height-default elementor-section-items-middle\" data-id=\"3f68760\" data-element_type=\"section\" data-settings=\"{&quot;background_background&quot;:&quot;slideshow&quot;,&quot;background_slideshow_gallery&quot;:[{&quot;id&quot;:870,&quot;url&quot;:&quot;https:\\\/\\\/www.muz-piecha.de\\\/wordpress\\\/wp-content\\\/uploads\\\/2023\\\/05\\\/Raw_1.png&quot;},{&quot;id&quot;:880,&quot;url&quot;:&quot;https:\\\/\\\/www.muz-piecha.de\\\/wordpress\\\/wp-content\\\/uploads\\\/2023\\\/05\\\/Jandorf_1.png&quot;}],&quot;background_slideshow_slide_duration&quot;:9000,&quot;background_slideshow_transition_duration&quot;:1100,&quot;background_slideshow_ken_burns&quot;:&quot;yes&quot;,&quot;shape_divider_bottom&quot;:&quot;triangle-asymmetrical&quot;,&quot;shape_divider_bottom_negative&quot;:&quot;yes&quot;,&quot;background_slideshow_loop&quot;:&quot;yes&quot;,&quot;background_slideshow_slide_transition&quot;:&quot;fade&quot;,&quot;background_slideshow_ken_burns_zoom_direction&quot;:&quot;in&quot;}\">\n\t\t\t\t\t\t\t<div class=\"elementor-background-overlay\"><\/div>\n\t\t\t\t\t\t<div class=\"elementor-shape elementor-shape-bottom\" data-negative=\"true\">\n\t\t\t<svg xmlns=\"http:\/\/www.w3.org\/2000\/svg\" viewBox=\"0 0 1000 100\" preserveAspectRatio=\"none\">\n\t<path class=\"elementor-shape-fill\" d=\"M737.9,94.7L0,0v100h1000V0L737.9,94.7z\"\/>\n<\/svg>\t\t<\/div>\n\t\t\t\t\t<div class=\"elementor-container elementor-column-gap-default\">\n\t\t\t\t\t<div class=\"elementor-column elementor-col-100 elementor-top-column elementor-element elementor-element-202d51c\" data-id=\"202d51c\" data-element_type=\"column\">\n\t\t\t<div class=\"elementor-widget-wrap elementor-element-populated\">\n\t\t\t\t\t\t\t\t<div class=\"elementor-element elementor-element-5e4766d elementor-widget elementor-widget-heading\" data-id=\"5e4766d\" data-element_type=\"widget\" data-widget_type=\"heading.default\">\n\t\t\t\t<div class=\"elementor-widget-container\">\n\t\t\t<style>\/*! elementor - v3.9.2 - 21-12-2022 *\/\n.elementor-heading-title{padding:0;margin:0;line-height:1}.elementor-widget-heading .elementor-heading-title[class*=elementor-size-]>a{color:inherit;font-size:inherit;line-height:inherit}.elementor-widget-heading .elementor-heading-title.elementor-size-small{font-size:15px}.elementor-widget-heading .elementor-heading-title.elementor-size-medium{font-size:19px}.elementor-widget-heading .elementor-heading-title.elementor-size-large{font-size:29px}.elementor-widget-heading .elementor-heading-title.elementor-size-xl{font-size:39px}.elementor-widget-heading .elementor-heading-title.elementor-size-xxl{font-size:59px}<\/style><h2 class=\"elementor-heading-title elementor-size-default\">Gewerbeimmobilien<\/h2>\t\t<\/div>\n\t\t\t\t<\/div>\n\t\t\t\t\t<\/div>\n\t\t<\/div>\n\t\t\t\t\t\t\t<\/div>\n\t\t<\/section>\n\t\t\t\t<section class=\"elementor-section elementor-top-section elementor-element elementor-element-84339b7 elementor-section-boxed elementor-section-height-default elementor-section-height-default\" data-id=\"84339b7\" data-element_type=\"section\">\n\t\t\t\t\t\t<div class=\"elementor-container elementor-column-gap-default\">\n\t\t\t\t\t<div class=\"elementor-column elementor-col-50 elementor-top-column elementor-element elementor-element-66020d6\" data-id=\"66020d6\" data-element_type=\"column\">\n\t\t\t<div class=\"elementor-widget-wrap elementor-element-populated\">\n\t\t\t\t\t\t\t\t<div class=\"elementor-element elementor-element-4ec1f0a elementor-widget elementor-widget-image\" data-id=\"4ec1f0a\" data-element_type=\"widget\" data-widget_type=\"image.default\">\n\t\t\t\t<div class=\"elementor-widget-container\">\n\t\t\t<style>\/*! elementor - v3.9.2 - 21-12-2022 *\/\n.elementor-widget-image{text-align:center}.elementor-widget-image a{display:inline-block}.elementor-widget-image a img[src$=\".svg\"]{width:48px}.elementor-widget-image img{vertical-align:middle;display:inline-block}<\/style>\t\t\t\t\t\t\t\t\t\t\t\t<img loading=\"lazy\" decoding=\"async\" width=\"800\" height=\"600\" src=\"https:\/\/www.muz-piecha.de\/wordpress\/wp-content\/uploads\/2023\/04\/Musik_1.png\" class=\"attachment-large size-large wp-image-833\" alt=\"\" srcset=\"https:\/\/www.muz-piecha.de\/wordpress\/wp-content\/uploads\/2023\/04\/Musik_1.png 800w, https:\/\/www.muz-piecha.de\/wordpress\/wp-content\/uploads\/2023\/04\/Musik_1-300x225.png 300w, https:\/\/www.muz-piecha.de\/wordpress\/wp-content\/uploads\/2023\/04\/Musik_1-768x576.png 768w\" sizes=\"auto, (max-width: 800px) 100vw, 800px\" \/>\t\t\t\t\t\t\t\t\t\t\t\t\t\t\t<\/div>\n\t\t\t\t<\/div>\n\t\t\t\t\t<\/div>\n\t\t<\/div>\n\t\t\t\t<div class=\"elementor-column elementor-col-50 elementor-top-column elementor-element elementor-element-ef384ed\" data-id=\"ef384ed\" data-element_type=\"column\">\n\t\t\t<div class=\"elementor-widget-wrap elementor-element-populated\">\n\t\t\t\t\t\t\t\t<div class=\"elementor-element elementor-element-c89fb56 elementor-widget elementor-widget-text-editor\" data-id=\"c89fb56\" data-element_type=\"widget\" data-widget_type=\"text-editor.default\">\n\t\t\t\t<div class=\"elementor-widget-container\">\n\t\t\t<style>\/*! elementor - v3.9.2 - 21-12-2022 *\/\n.elementor-widget-text-editor.elementor-drop-cap-view-stacked .elementor-drop-cap{background-color:#818a91;color:#fff}.elementor-widget-text-editor.elementor-drop-cap-view-framed .elementor-drop-cap{color:#818a91;border:3px solid;background-color:transparent}.elementor-widget-text-editor:not(.elementor-drop-cap-view-default) .elementor-drop-cap{margin-top:8px}.elementor-widget-text-editor:not(.elementor-drop-cap-view-default) .elementor-drop-cap-letter{width:1em;height:1em}.elementor-widget-text-editor .elementor-drop-cap{float:left;text-align:center;line-height:1;font-size:50px}.elementor-widget-text-editor .elementor-drop-cap-letter{display:inline-block}<\/style>\t\t\t\t<p>F\u00fcr eine Vielzahl von Auftraggebern haben wir bereits Bestandsaufnahmen von Gewerbeimmobilien\u00a0durchgef\u00fchrt.\u00a0<b>Messen und Zeichnen Piecha<\/b> hat langj\u00e4hrige Erfahrung in der Vermessung von Lagerhallen, Kaufh\u00e4usern, Theatern, Superm\u00e4rkten, Kinos, Schwimmb\u00e4dern, Werkhallen, Technikgeb\u00e4uden und vielem mehr. Details zur Vermessung des <b>Musikinstrumenten-Museums in Berlin<\/b> (Foto 1), des ehemaligen\u00a0<b>Kaufhauses Jandorf<\/b> (Foto 2) und des\u00a0<b>\u00c4rztehauses in Zehlendorf<\/b> (Foto 3) sowie weitere Projekte der Gewerbeimmobilien-Vermessung finden Sie in unseren <a href=\"https:\/\/www.muz-piecha.de\/wordpress\/?page_id=89\">Referenzen<\/a>.\u00a0<\/p>\t\t\t\t\t\t<\/div>\n\t\t\t\t<\/div>\n\t\t\t\t\t<\/div>\n\t\t<\/div>\n\t\t\t\t\t\t\t<\/div>\n\t\t<\/section>\n\t\t\t\t<section class=\"elementor-section elementor-top-section elementor-element elementor-element-f8ed403 elementor-section-boxed elementor-section-height-default elementor-section-height-default\" data-id=\"f8ed403\" data-element_type=\"section\">\n\t\t\t\t\t\t<div class=\"elementor-container elementor-column-gap-default\">\n\t\t\t\t\t<div class=\"elementor-column elementor-col-50 elementor-top-column elementor-element elementor-element-faf64fd\" data-id=\"faf64fd\" data-element_type=\"column\">\n\t\t\t<div class=\"elementor-widget-wrap elementor-element-populated\">\n\t\t\t\t\t\t\t\t<div class=\"elementor-element elementor-element-85ded1a elementor-widget elementor-widget-text-editor\" data-id=\"85ded1a\" data-element_type=\"widget\" data-widget_type=\"text-editor.default\">\n\t\t\t\t<div class=\"elementor-widget-container\">\n\t\t\t\t\t\t\t<p>Der Vermessung von Gewerbeimmobilien k\u00f6nnen verschiedene Zielstellungen zugrunde liegen:<\/p><ul><li>Bestandserfassung zur Ermittlung der Nutzfl\u00e4chen nach DIN277 oder GIF, zum Beispiel, als Grundlage f\u00fcr Mietvertr\u00e4ge oder der Bestimmung von Reinigungsfl\u00e4chen<\/li><li>Dokumentation des IST-Zustandes f\u00fcr Verwaltungsaufgaben (Umstellung auf digitale Bestandsunterlagen)<\/li><li>Komplettaufma\u00df mit Erfassung der Geb\u00e4udetechnik und Aufnahme konstruktiver Details als Grundlage f\u00fcr Sanierungs- bzw. Umbauplanungen und technische bzw. statische Bewertungen<\/li><\/ul>\t\t\t\t\t\t<\/div>\n\t\t\t\t<\/div>\n\t\t\t\t\t<\/div>\n\t\t<\/div>\n\t\t\t\t<div class=\"elementor-column elementor-col-50 elementor-top-column elementor-element elementor-element-d4e6fa9\" data-id=\"d4e6fa9\" data-element_type=\"column\">\n\t\t\t<div class=\"elementor-widget-wrap elementor-element-populated\">\n\t\t\t\t\t\t\t\t<div class=\"elementor-element elementor-element-56b138e elementor-widget elementor-widget-image\" data-id=\"56b138e\" data-element_type=\"widget\" data-widget_type=\"image.default\">\n\t\t\t\t<div class=\"elementor-widget-container\">\n\t\t\t\t\t\t\t\t\t\t\t\t\t\t\t<img loading=\"lazy\" decoding=\"async\" width=\"800\" height=\"600\" src=\"https:\/\/www.muz-piecha.de\/wordpress\/wp-content\/uploads\/2023\/05\/Jandorf_1.png\" class=\"attachment-large size-large wp-image-880\" alt=\"\" srcset=\"https:\/\/www.muz-piecha.de\/wordpress\/wp-content\/uploads\/2023\/05\/Jandorf_1.png 800w, https:\/\/www.muz-piecha.de\/wordpress\/wp-content\/uploads\/2023\/05\/Jandorf_1-300x225.png 300w, https:\/\/www.muz-piecha.de\/wordpress\/wp-content\/uploads\/2023\/05\/Jandorf_1-768x576.png 768w\" sizes=\"auto, (max-width: 800px) 100vw, 800px\" \/>\t\t\t\t\t\t\t\t\t\t\t\t\t\t\t<\/div>\n\t\t\t\t<\/div>\n\t\t\t\t\t<\/div>\n\t\t<\/div>\n\t\t\t\t\t\t\t<\/div>\n\t\t<\/section>\n\t\t\t\t<section class=\"elementor-section elementor-top-section elementor-element elementor-element-ab2851f elementor-section-boxed elementor-section-height-default elementor-section-height-default\" data-id=\"ab2851f\" data-element_type=\"section\">\n\t\t\t\t\t\t<div class=\"elementor-container elementor-column-gap-default\">\n\t\t\t\t\t<div class=\"elementor-column elementor-col-50 elementor-top-column elementor-element elementor-element-5649a80\" data-id=\"5649a80\" data-element_type=\"column\">\n\t\t\t<div class=\"elementor-widget-wrap elementor-element-populated\">\n\t\t\t\t\t\t\t\t<div class=\"elementor-element elementor-element-c25c127 elementor-widget elementor-widget-image\" data-id=\"c25c127\" data-element_type=\"widget\" data-widget_type=\"image.default\">\n\t\t\t\t<div class=\"elementor-widget-container\">\n\t\t\t\t\t\t\t\t\t\t\t\t\t\t\t<img loading=\"lazy\" decoding=\"async\" width=\"800\" height=\"600\" src=\"https:\/\/www.muz-piecha.de\/wordpress\/wp-content\/uploads\/2023\/05\/Aerztehaus_Zehlendorf_2.png\" class=\"attachment-large size-large wp-image-993\" alt=\"\" srcset=\"https:\/\/www.muz-piecha.de\/wordpress\/wp-content\/uploads\/2023\/05\/Aerztehaus_Zehlendorf_2.png 800w, https:\/\/www.muz-piecha.de\/wordpress\/wp-content\/uploads\/2023\/05\/Aerztehaus_Zehlendorf_2-300x225.png 300w, https:\/\/www.muz-piecha.de\/wordpress\/wp-content\/uploads\/2023\/05\/Aerztehaus_Zehlendorf_2-768x576.png 768w\" sizes=\"auto, (max-width: 800px) 100vw, 800px\" \/>\t\t\t\t\t\t\t\t\t\t\t\t\t\t\t<\/div>\n\t\t\t\t<\/div>\n\t\t\t\t\t<\/div>\n\t\t<\/div>\n\t\t\t\t<div class=\"elementor-column elementor-col-50 elementor-top-column elementor-element elementor-element-b96cc25\" data-id=\"b96cc25\" data-element_type=\"column\">\n\t\t\t<div class=\"elementor-widget-wrap elementor-element-populated\">\n\t\t\t\t\t\t\t\t<div class=\"elementor-element elementor-element-5b9ff64 elementor-widget elementor-widget-text-editor\" data-id=\"5b9ff64\" data-element_type=\"widget\" data-widget_type=\"text-editor.default\">\n\t\t\t\t<div class=\"elementor-widget-container\">\n\t\t\t\t\t\t\t<p>Wir sind uns den besonderen Anforderungen der Vermessung von Gewerbeimmobilien stets bewusst. Sie k\u00f6nnen sich auf unsere Professionalit\u00e4t verlassen:<\/p><ul><li>Diskretion und Flexibilit\u00e4t bei der Vermessung von B\u00fcrogeb\u00e4uden mit R\u00fccksichtnahme auf den B\u00fcroablauf, z.B. Raumbelegungen<\/li><li>Vermeidung jeglicher Behinderungen des Verkaufsgeschehen in Superm\u00e4rkten, Kaufh\u00e4usern, etc.<\/li><li>Einhaltung strenger Hygienevorschriften bei der Vermessung von Arztpraxen und Krankenh\u00e4usern<\/li><\/ul>\t\t\t\t\t\t<\/div>\n\t\t\t\t<\/div>\n\t\t\t\t\t<\/div>\n\t\t<\/div>\n\t\t\t\t\t\t\t<\/div>\n\t\t<\/section>\n\t\t\t\t\t\t\t<\/div>\n\t\t","protected":false},"excerpt":{"rendered":"<p>Gewerbeimmobilien F\u00fcr eine Vielzahl von Auftraggebern haben wir bereits Bestandsaufnahmen von Gewerbeimmobilien\u00a0durchgef\u00fchrt.\u00a0Messen und Zeichnen Piecha hat langj\u00e4hrige Erfahrung in der Vermessung von Lagerhallen, Kaufh\u00e4usern, Theatern, Superm\u00e4rkten, Kinos, Schwimmb\u00e4dern, Werkhallen, Technikgeb\u00e4uden und vielem mehr. Details zur Vermessung des Musikinstrumenten-Museums in Berlin (Foto 1), des ehemaligen\u00a0Kaufhauses Jandorf (Foto 2) und des\u00a0\u00c4rztehauses in Zehlendorf (Foto 3) sowie weitere &#8230; <a title=\"Gewerbeimmobilien\" class=\"read-more\" href=\"https:\/\/www.muz-piecha.de\/wordpress\/?page_id=148\" aria-label=\"Mehr dazu unter Gewerbeimmobilien\">Weiterlesen<\/a><\/p>\n","protected":false},"author":1,"featured_media":0,"parent":0,"menu_order":0,"comment_status":"closed","ping_status":"closed","template":"","meta":{"footnotes":""},"class_list":["post-148","page","type-page","status-publish"],"_links":{"self":[{"href":"https:\/\/www.muz-piecha.de\/wordpress\/index.php?rest_route=\/wp\/v2\/pages\/148","targetHints":{"allow":["GET"]}}],"collection":[{"href":"https:\/\/www.muz-piecha.de\/wordpress\/index.php?rest_route=\/wp\/v2\/pages"}],"about":[{"href":"https:\/\/www.muz-piecha.de\/wordpress\/index.php?rest_route=\/wp\/v2\/types\/page"}],"author":[{"embeddable":true,"href":"https:\/\/www.muz-piecha.de\/wordpress\/index.php?rest_route=\/wp\/v2\/users\/1"}],"replies":[{"embeddable":true,"href":"https:\/\/www.muz-piecha.de\/wordpress\/index.php?rest_route=%2Fwp%2Fv2%2Fcomments&post=148"}],"version-history":[{"count":43,"href":"https:\/\/www.muz-piecha.de\/wordpress\/index.php?rest_route=\/wp\/v2\/pages\/148\/revisions"}],"predecessor-version":[{"id":1070,"href":"https:\/\/www.muz-piecha.de\/wordpress\/index.php?rest_route=\/wp\/v2\/pages\/148\/revisions\/1070"}],"wp:attachment":[{"href":"https:\/\/www.muz-piecha.de\/wordpress\/index.php?rest_route=%2Fwp%2Fv2%2Fmedia&parent=148"}],"curies":[{"name":"wp","href":"https:\/\/api.w.org\/{rel}","templated":true}]}}