{"id":151,"date":"2023-01-09T12:06:18","date_gmt":"2023-01-09T11:06:18","guid":{"rendered":"https:\/\/www.muz-piecha.de\/wordpress\/?page_id=151"},"modified":"2023-08-27T09:06:44","modified_gmt":"2023-08-27T08:06:44","slug":"wohnungsaufmass","status":"publish","type":"page","link":"https:\/\/www.muz-piecha.de\/wordpress\/?page_id=151","title":{"rendered":"Wohnungsaufma\u00df"},"content":{"rendered":"\t\t<div data-elementor-type=\"wp-page\" data-elementor-id=\"151\" class=\"elementor elementor-151\">\n\t\t\t\t\t\t\t\t\t<section class=\"elementor-section elementor-top-section elementor-element elementor-element-65cd01a elementor-section-height-min-height elementor-section-boxed elementor-section-height-default elementor-section-items-middle\" data-id=\"65cd01a\" data-element_type=\"section\" data-settings=\"{&quot;background_background&quot;:&quot;slideshow&quot;,&quot;background_slideshow_gallery&quot;:[{&quot;id&quot;:799,&quot;url&quot;:&quot;https:\\\/\\\/www.muz-piecha.de\\\/wordpress\\\/wp-content\\\/uploads\\\/2023\\\/04\\\/Brunnenstr_3.png&quot;},{&quot;id&quot;:673,&quot;url&quot;:&quot;https:\\\/\\\/www.muz-piecha.de\\\/wordpress\\\/wp-content\\\/uploads\\\/2023\\\/01\\\/HOME_iStock-90991202-scaled.jpg&quot;}],&quot;background_slideshow_slide_duration&quot;:9000,&quot;background_slideshow_transition_duration&quot;:1100,&quot;background_slideshow_ken_burns&quot;:&quot;yes&quot;,&quot;shape_divider_bottom&quot;:&quot;triangle-asymmetrical&quot;,&quot;shape_divider_bottom_negative&quot;:&quot;yes&quot;,&quot;background_slideshow_loop&quot;:&quot;yes&quot;,&quot;background_slideshow_slide_transition&quot;:&quot;fade&quot;,&quot;background_slideshow_ken_burns_zoom_direction&quot;:&quot;in&quot;}\">\n\t\t\t\t\t\t\t<div class=\"elementor-background-overlay\"><\/div>\n\t\t\t\t\t\t<div class=\"elementor-shape elementor-shape-bottom\" data-negative=\"true\">\n\t\t\t<svg xmlns=\"http:\/\/www.w3.org\/2000\/svg\" viewBox=\"0 0 1000 100\" preserveAspectRatio=\"none\">\n\t<path class=\"elementor-shape-fill\" d=\"M737.9,94.7L0,0v100h1000V0L737.9,94.7z\"\/>\n<\/svg>\t\t<\/div>\n\t\t\t\t\t<div class=\"elementor-container elementor-column-gap-default\">\n\t\t\t\t\t<div class=\"elementor-column elementor-col-100 elementor-top-column elementor-element elementor-element-dc62bec\" data-id=\"dc62bec\" data-element_type=\"column\">\n\t\t\t<div class=\"elementor-widget-wrap elementor-element-populated\">\n\t\t\t\t\t\t\t\t<div class=\"elementor-element elementor-element-4ac1cbc elementor-widget elementor-widget-heading\" data-id=\"4ac1cbc\" data-element_type=\"widget\" data-widget_type=\"heading.default\">\n\t\t\t\t<div class=\"elementor-widget-container\">\n\t\t\t<style>\/*! elementor - v3.9.2 - 21-12-2022 *\/\n.elementor-heading-title{padding:0;margin:0;line-height:1}.elementor-widget-heading .elementor-heading-title[class*=elementor-size-]>a{color:inherit;font-size:inherit;line-height:inherit}.elementor-widget-heading .elementor-heading-title.elementor-size-small{font-size:15px}.elementor-widget-heading .elementor-heading-title.elementor-size-medium{font-size:19px}.elementor-widget-heading .elementor-heading-title.elementor-size-large{font-size:29px}.elementor-widget-heading .elementor-heading-title.elementor-size-xl{font-size:39px}.elementor-widget-heading .elementor-heading-title.elementor-size-xxl{font-size:59px}<\/style><h2 class=\"elementor-heading-title elementor-size-default\">Wohnungsaufma\u00df <\/h2>\t\t<\/div>\n\t\t\t\t<\/div>\n\t\t\t\t\t<\/div>\n\t\t<\/div>\n\t\t\t\t\t\t\t<\/div>\n\t\t<\/section>\n\t\t\t\t<section class=\"elementor-section elementor-top-section elementor-element elementor-element-079d435 elementor-section-boxed elementor-section-height-default elementor-section-height-default\" data-id=\"079d435\" data-element_type=\"section\">\n\t\t\t\t\t\t<div class=\"elementor-container elementor-column-gap-default\">\n\t\t\t\t\t<div class=\"elementor-column elementor-col-50 elementor-top-column elementor-element elementor-element-4b810aa\" data-id=\"4b810aa\" data-element_type=\"column\">\n\t\t\t<div class=\"elementor-widget-wrap elementor-element-populated\">\n\t\t\t\t\t\t\t\t<div class=\"elementor-element elementor-element-e44918d elementor-widget elementor-widget-image\" data-id=\"e44918d\" data-element_type=\"widget\" data-widget_type=\"image.default\">\n\t\t\t\t<div class=\"elementor-widget-container\">\n\t\t\t<style>\/*! elementor - v3.9.2 - 21-12-2022 *\/\n.elementor-widget-image{text-align:center}.elementor-widget-image a{display:inline-block}.elementor-widget-image a img[src$=\".svg\"]{width:48px}.elementor-widget-image img{vertical-align:middle;display:inline-block}<\/style>\t\t\t\t\t\t\t\t\t\t\t\t<img loading=\"lazy\" decoding=\"async\" width=\"800\" height=\"600\" src=\"https:\/\/www.muz-piecha.de\/wordpress\/wp-content\/uploads\/2023\/04\/Brunnenstr_4.png\" class=\"attachment-large size-large wp-image-800\" alt=\"\" srcset=\"https:\/\/www.muz-piecha.de\/wordpress\/wp-content\/uploads\/2023\/04\/Brunnenstr_4.png 800w, https:\/\/www.muz-piecha.de\/wordpress\/wp-content\/uploads\/2023\/04\/Brunnenstr_4-300x225.png 300w, https:\/\/www.muz-piecha.de\/wordpress\/wp-content\/uploads\/2023\/04\/Brunnenstr_4-768x576.png 768w\" sizes=\"auto, (max-width: 800px) 100vw, 800px\" \/>\t\t\t\t\t\t\t\t\t\t\t\t\t\t\t<\/div>\n\t\t\t\t<\/div>\n\t\t\t\t\t<\/div>\n\t\t<\/div>\n\t\t\t\t<div class=\"elementor-column elementor-col-50 elementor-top-column elementor-element elementor-element-56f0a36\" data-id=\"56f0a36\" data-element_type=\"column\">\n\t\t\t<div class=\"elementor-widget-wrap elementor-element-populated\">\n\t\t\t\t\t\t\t\t<div class=\"elementor-element elementor-element-fa623ca elementor-widget elementor-widget-text-editor\" data-id=\"fa623ca\" data-element_type=\"widget\" data-widget_type=\"text-editor.default\">\n\t\t\t\t<div class=\"elementor-widget-container\">\n\t\t\t<style>\/*! elementor - v3.9.2 - 21-12-2022 *\/\n.elementor-widget-text-editor.elementor-drop-cap-view-stacked .elementor-drop-cap{background-color:#818a91;color:#fff}.elementor-widget-text-editor.elementor-drop-cap-view-framed .elementor-drop-cap{color:#818a91;border:3px solid;background-color:transparent}.elementor-widget-text-editor:not(.elementor-drop-cap-view-default) .elementor-drop-cap{margin-top:8px}.elementor-widget-text-editor:not(.elementor-drop-cap-view-default) .elementor-drop-cap-letter{width:1em;height:1em}.elementor-widget-text-editor .elementor-drop-cap{float:left;text-align:center;line-height:1;font-size:50px}.elementor-widget-text-editor .elementor-drop-cap-letter{display:inline-block}<\/style>\t\t\t\t<p>Sie ben\u00f6tigen ein Wohnungsaufma\u00df? Kein Problem! <b>Messen und Zeichnen Piecha<\/b> hat Erfahrung in der Vermessung von Wohnanlagen und Wohnbl\u00f6cken, Mehrfamilien- und Einfamilienh\u00e4usern, Villen und Einzelwohnungen.\u00a0<span style=\"color: var( --e-global-color-text ); font-family: var( --e-global-typography-text-font-family ), Sans-serif; font-weight: var( --e-global-typography-text-font-weight ); background-color: var(--base-3);\">Details zur Vermessung der <\/span><span style=\"color: var( --e-global-color-text ); font-family: var( --e-global-typography-text-font-family ), Sans-serif; background-color: var(--base-3);\"><b>Wohnanlage in Berlin Wedding<\/b><\/span><span style=\"color: var( --e-global-color-text ); font-family: var( --e-global-typography-text-font-family ), Sans-serif; font-weight: var( --e-global-typography-text-font-weight ); background-color: var(--base-3);\"> (Fotos) sowie weitere Projekte finden Sie auch in unseren <\/span><a style=\"font-family: var( --e-global-typography-text-font-family ), Sans-serif; font-weight: var( --e-global-typography-text-font-weight ); background-color: var(--base-3);\" href=\"https:\/\/www.muz-piecha.de\/wordpress\/?page_id=89\">Referenzen<\/a><span style=\"color: var( --e-global-color-text ); font-family: var( --e-global-typography-text-font-family ), Sans-serif; font-weight: var( --e-global-typography-text-font-weight ); background-color: var(--base-3);\">.<\/span><\/p><p>Unter gr\u00f6\u00dftm\u00f6glicher R\u00fccksichtnahme auf die Privatsph\u00e4re der Bewohner und unter Einhaltung der Datenschutzrichtlinien ermitteln wir Wohnungsgr\u00f6\u00dfen schnell, sorgf\u00e4ltig und zuverl\u00e4ssig. Selbstredend sind alle unsere Mitarbeiter stets freundlich, zur\u00fcckhaltend und unbestechlich.<\/p>\t\t\t\t\t\t<\/div>\n\t\t\t\t<\/div>\n\t\t\t\t\t<\/div>\n\t\t<\/div>\n\t\t\t\t\t\t\t<\/div>\n\t\t<\/section>\n\t\t\t\t<section class=\"elementor-section elementor-top-section elementor-element elementor-element-9d1649f elementor-section-boxed elementor-section-height-default elementor-section-height-default\" data-id=\"9d1649f\" data-element_type=\"section\">\n\t\t\t\t\t\t<div class=\"elementor-container elementor-column-gap-default\">\n\t\t\t\t\t<div class=\"elementor-column elementor-col-50 elementor-top-column elementor-element elementor-element-aa6d8b9\" data-id=\"aa6d8b9\" data-element_type=\"column\">\n\t\t\t<div class=\"elementor-widget-wrap elementor-element-populated\">\n\t\t\t\t\t\t\t\t<div class=\"elementor-element elementor-element-c9df089 elementor-widget elementor-widget-text-editor\" data-id=\"c9df089\" data-element_type=\"widget\" data-widget_type=\"text-editor.default\">\n\t\t\t\t<div class=\"elementor-widget-container\">\n\t\t\t\t\t\t\t<p>Wir erstellen Wohnungsaufma\u00dfe mit unterschiedlichsten Zielstellungen:<\/p><ul><li>Ermittlung der Wohnfl\u00e4chen nach Wohnfl\u00e4chenverordnung (WoFIV)<\/li><li>Erstellung von Pl\u00e4nen f\u00fcr den &#8220;Antrag auf Abgeschlossenheitsbescheinigung&#8221; beim Bauamt f\u00fcr Umwandlung in Wohnungseigentum<\/li><li>Aufma\u00df als Grundlage f\u00fcr Sanierungs- bzw. Umbauplanungen, z.B. inklusive Erfassung der Geb\u00e4udetechnik oder statischer Detailaufnahmen<\/li><li>Aufma\u00df zur Vorbereitung von Dachgeschossausbau<\/li><li>Aufma\u00df als Grundlage f\u00fcr Fassadensanierungen oder energetische Sanierungen, z.B. Fenstertypisierungen (ISO-Fenster, Kasten- oder Einfachfenster)<\/li><\/ul>\t\t\t\t\t\t<\/div>\n\t\t\t\t<\/div>\n\t\t\t\t\t<\/div>\n\t\t<\/div>\n\t\t\t\t<div class=\"elementor-column elementor-col-50 elementor-top-column elementor-element elementor-element-87d955c\" data-id=\"87d955c\" data-element_type=\"column\">\n\t\t\t<div class=\"elementor-widget-wrap elementor-element-populated\">\n\t\t\t\t\t\t\t\t<div class=\"elementor-element elementor-element-df6272d elementor-widget elementor-widget-image\" data-id=\"df6272d\" data-element_type=\"widget\" data-widget_type=\"image.default\">\n\t\t\t\t<div class=\"elementor-widget-container\">\n\t\t\t\t\t\t\t\t\t\t\t\t\t\t\t<img loading=\"lazy\" decoding=\"async\" width=\"800\" height=\"600\" src=\"https:\/\/www.muz-piecha.de\/wordpress\/wp-content\/uploads\/2023\/05\/Frame-42.png\" class=\"attachment-large size-large wp-image-914\" alt=\"\" srcset=\"https:\/\/www.muz-piecha.de\/wordpress\/wp-content\/uploads\/2023\/05\/Frame-42.png 800w, https:\/\/www.muz-piecha.de\/wordpress\/wp-content\/uploads\/2023\/05\/Frame-42-300x225.png 300w, https:\/\/www.muz-piecha.de\/wordpress\/wp-content\/uploads\/2023\/05\/Frame-42-768x576.png 768w\" sizes=\"auto, (max-width: 800px) 100vw, 800px\" \/>\t\t\t\t\t\t\t\t\t\t\t\t\t\t\t<\/div>\n\t\t\t\t<\/div>\n\t\t\t\t\t<\/div>\n\t\t<\/div>\n\t\t\t\t\t\t\t<\/div>\n\t\t<\/section>\n\t\t\t\t\t\t\t<\/div>\n\t\t","protected":false},"excerpt":{"rendered":"<p>Wohnungsaufma\u00df Sie ben\u00f6tigen ein Wohnungsaufma\u00df? Kein Problem! Messen und Zeichnen Piecha hat Erfahrung in der Vermessung von Wohnanlagen und Wohnbl\u00f6cken, Mehrfamilien- und Einfamilienh\u00e4usern, Villen und Einzelwohnungen.\u00a0Details zur Vermessung der Wohnanlage in Berlin Wedding (Fotos) sowie weitere Projekte finden Sie auch in unseren Referenzen. Unter gr\u00f6\u00dftm\u00f6glicher R\u00fccksichtnahme auf die Privatsph\u00e4re der Bewohner und unter Einhaltung der &#8230; <a title=\"Wohnungsaufma\u00df\" class=\"read-more\" href=\"https:\/\/www.muz-piecha.de\/wordpress\/?page_id=151\" aria-label=\"Mehr dazu unter Wohnungsaufma\u00df\">Weiterlesen<\/a><\/p>\n","protected":false},"author":1,"featured_media":0,"parent":0,"menu_order":0,"comment_status":"closed","ping_status":"closed","template":"","meta":{"footnotes":""},"class_list":["post-151","page","type-page","status-publish"],"_links":{"self":[{"href":"https:\/\/www.muz-piecha.de\/wordpress\/index.php?rest_route=\/wp\/v2\/pages\/151","targetHints":{"allow":["GET"]}}],"collection":[{"href":"https:\/\/www.muz-piecha.de\/wordpress\/index.php?rest_route=\/wp\/v2\/pages"}],"about":[{"href":"https:\/\/www.muz-piecha.de\/wordpress\/index.php?rest_route=\/wp\/v2\/types\/page"}],"author":[{"embeddable":true,"href":"https:\/\/www.muz-piecha.de\/wordpress\/index.php?rest_route=\/wp\/v2\/users\/1"}],"replies":[{"embeddable":true,"href":"https:\/\/www.muz-piecha.de\/wordpress\/index.php?rest_route=%2Fwp%2Fv2%2Fcomments&post=151"}],"version-history":[{"count":22,"href":"https:\/\/www.muz-piecha.de\/wordpress\/index.php?rest_route=\/wp\/v2\/pages\/151\/revisions"}],"predecessor-version":[{"id":1076,"href":"https:\/\/www.muz-piecha.de\/wordpress\/index.php?rest_route=\/wp\/v2\/pages\/151\/revisions\/1076"}],"wp:attachment":[{"href":"https:\/\/www.muz-piecha.de\/wordpress\/index.php?rest_route=%2Fwp%2Fv2%2Fmedia&parent=151"}],"curies":[{"name":"wp","href":"https:\/\/api.w.org\/{rel}","templated":true}]}}