{"id":154,"date":"2023-01-09T12:06:37","date_gmt":"2023-01-09T11:06:37","guid":{"rendered":"https:\/\/www.muz-piecha.de\/wordpress\/?page_id=154"},"modified":"2023-08-27T09:27:45","modified_gmt":"2023-08-27T08:27:45","slug":"denkmalschutz","status":"publish","type":"page","link":"https:\/\/www.muz-piecha.de\/wordpress\/?page_id=154","title":{"rendered":"Denkmalschutz"},"content":{"rendered":"\t\t<div data-elementor-type=\"wp-page\" data-elementor-id=\"154\" class=\"elementor elementor-154\">\n\t\t\t\t\t\t\t\t\t<section class=\"elementor-section elementor-top-section elementor-element elementor-element-58808d7 elementor-section-height-min-height elementor-section-boxed elementor-section-height-default elementor-section-items-middle\" data-id=\"58808d7\" data-element_type=\"section\" data-settings=\"{&quot;background_background&quot;:&quot;slideshow&quot;,&quot;background_slideshow_gallery&quot;:[{&quot;id&quot;:869,&quot;url&quot;:&quot;https:\\\/\\\/www.muz-piecha.de\\\/wordpress\\\/wp-content\\\/uploads\\\/2023\\\/05\\\/Friedenskirche_1-1.png&quot;},{&quot;id&quot;:472,&quot;url&quot;:&quot;https:\\\/\\\/www.muz-piecha.de\\\/wordpress\\\/wp-content\\\/uploads\\\/2023\\\/01\\\/VILLA-1.png&quot;}],&quot;background_slideshow_slide_duration&quot;:9000,&quot;background_slideshow_transition_duration&quot;:1100,&quot;background_slideshow_ken_burns&quot;:&quot;yes&quot;,&quot;shape_divider_bottom&quot;:&quot;triangle-asymmetrical&quot;,&quot;shape_divider_bottom_negative&quot;:&quot;yes&quot;,&quot;background_slideshow_loop&quot;:&quot;yes&quot;,&quot;background_slideshow_slide_transition&quot;:&quot;fade&quot;,&quot;background_slideshow_ken_burns_zoom_direction&quot;:&quot;in&quot;}\">\n\t\t\t\t\t\t\t<div class=\"elementor-background-overlay\"><\/div>\n\t\t\t\t\t\t<div class=\"elementor-shape elementor-shape-bottom\" data-negative=\"true\">\n\t\t\t<svg xmlns=\"http:\/\/www.w3.org\/2000\/svg\" viewBox=\"0 0 1000 100\" preserveAspectRatio=\"none\">\n\t<path class=\"elementor-shape-fill\" d=\"M737.9,94.7L0,0v100h1000V0L737.9,94.7z\"\/>\n<\/svg>\t\t<\/div>\n\t\t\t\t\t<div class=\"elementor-container elementor-column-gap-default\">\n\t\t\t\t\t<div class=\"elementor-column elementor-col-100 elementor-top-column elementor-element elementor-element-95c0072\" data-id=\"95c0072\" data-element_type=\"column\">\n\t\t\t<div class=\"elementor-widget-wrap elementor-element-populated\">\n\t\t\t\t\t\t\t\t<div class=\"elementor-element elementor-element-9b2874f elementor-widget elementor-widget-heading\" data-id=\"9b2874f\" data-element_type=\"widget\" data-widget_type=\"heading.default\">\n\t\t\t\t<div class=\"elementor-widget-container\">\n\t\t\t<style>\/*! elementor - v3.9.2 - 21-12-2022 *\/\n.elementor-heading-title{padding:0;margin:0;line-height:1}.elementor-widget-heading .elementor-heading-title[class*=elementor-size-]>a{color:inherit;font-size:inherit;line-height:inherit}.elementor-widget-heading .elementor-heading-title.elementor-size-small{font-size:15px}.elementor-widget-heading .elementor-heading-title.elementor-size-medium{font-size:19px}.elementor-widget-heading .elementor-heading-title.elementor-size-large{font-size:29px}.elementor-widget-heading .elementor-heading-title.elementor-size-xl{font-size:39px}.elementor-widget-heading .elementor-heading-title.elementor-size-xxl{font-size:59px}<\/style><h2 class=\"elementor-heading-title elementor-size-default\">Denkmalschutz<\/h2>\t\t<\/div>\n\t\t\t\t<\/div>\n\t\t\t\t\t<\/div>\n\t\t<\/div>\n\t\t\t\t\t\t\t<\/div>\n\t\t<\/section>\n\t\t\t\t<section class=\"elementor-section elementor-top-section elementor-element elementor-element-f42953e elementor-section-boxed elementor-section-height-default elementor-section-height-default\" data-id=\"f42953e\" data-element_type=\"section\">\n\t\t\t\t\t\t<div class=\"elementor-container elementor-column-gap-default\">\n\t\t\t\t\t<div class=\"elementor-column elementor-col-50 elementor-top-column elementor-element elementor-element-e128759\" data-id=\"e128759\" data-element_type=\"column\">\n\t\t\t<div class=\"elementor-widget-wrap elementor-element-populated\">\n\t\t\t\t\t\t\t\t<div class=\"elementor-element elementor-element-a3ed824 elementor-widget elementor-widget-image\" data-id=\"a3ed824\" data-element_type=\"widget\" data-widget_type=\"image.default\">\n\t\t\t\t<div class=\"elementor-widget-container\">\n\t\t\t<style>\/*! elementor - v3.9.2 - 21-12-2022 *\/\n.elementor-widget-image{text-align:center}.elementor-widget-image a{display:inline-block}.elementor-widget-image a img[src$=\".svg\"]{width:48px}.elementor-widget-image img{vertical-align:middle;display:inline-block}<\/style>\t\t\t\t\t\t\t\t\t\t\t\t<img loading=\"lazy\" decoding=\"async\" width=\"800\" height=\"600\" src=\"https:\/\/www.muz-piecha.de\/wordpress\/wp-content\/uploads\/2023\/05\/Denkmalschutz.png\" class=\"attachment-large size-large wp-image-927\" alt=\"\" srcset=\"https:\/\/www.muz-piecha.de\/wordpress\/wp-content\/uploads\/2023\/05\/Denkmalschutz.png 800w, https:\/\/www.muz-piecha.de\/wordpress\/wp-content\/uploads\/2023\/05\/Denkmalschutz-300x225.png 300w, https:\/\/www.muz-piecha.de\/wordpress\/wp-content\/uploads\/2023\/05\/Denkmalschutz-768x576.png 768w\" sizes=\"auto, (max-width: 800px) 100vw, 800px\" \/>\t\t\t\t\t\t\t\t\t\t\t\t\t\t\t<\/div>\n\t\t\t\t<\/div>\n\t\t\t\t\t<\/div>\n\t\t<\/div>\n\t\t\t\t<div class=\"elementor-column elementor-col-50 elementor-top-column elementor-element elementor-element-b144bb0\" data-id=\"b144bb0\" data-element_type=\"column\">\n\t\t\t<div class=\"elementor-widget-wrap elementor-element-populated\">\n\t\t\t\t\t\t\t\t<div class=\"elementor-element elementor-element-0f01b7f elementor-widget elementor-widget-text-editor\" data-id=\"0f01b7f\" data-element_type=\"widget\" data-widget_type=\"text-editor.default\">\n\t\t\t\t<div class=\"elementor-widget-container\">\n\t\t\t<style>\/*! elementor - v3.9.2 - 21-12-2022 *\/\n.elementor-widget-text-editor.elementor-drop-cap-view-stacked .elementor-drop-cap{background-color:#818a91;color:#fff}.elementor-widget-text-editor.elementor-drop-cap-view-framed .elementor-drop-cap{color:#818a91;border:3px solid;background-color:transparent}.elementor-widget-text-editor:not(.elementor-drop-cap-view-default) .elementor-drop-cap{margin-top:8px}.elementor-widget-text-editor:not(.elementor-drop-cap-view-default) .elementor-drop-cap-letter{width:1em;height:1em}.elementor-widget-text-editor .elementor-drop-cap{float:left;text-align:center;line-height:1;font-size:50px}.elementor-widget-text-editor .elementor-drop-cap-letter{display:inline-block}<\/style>\t\t\t\t<p>Durch gesetzliche Regelungen zum Denkmalschutz wird gew\u00e4hrleistet, dass historische Geb\u00e4ude gesch\u00fctzt und erhalten werden. Dadurch bewahrt sich Deutschland\u00a0 viele wichtige historisch-kulturelle Zeitzeugen und eine architektonische Vielfalt. Auch uns liegt der Fortbestand unseres kulturellen Erbes sehr am Herzen.<\/p><p>In unseren <a href=\"https:\/\/www.muz-piecha.de\/wordpress\/?page_id=89\">Referenzen<\/a> finden sich zahlreiche Schl\u00f6sser, Museen und Kirchen, zum Beispiel die <b>Friedenskirche in Potsdam<\/b> (Bild 2), sowie bedeutende Geb\u00e4ude der Architekturgeschichte weltweit bekannter Architekten.\u00a0<\/p>\t\t\t\t\t\t<\/div>\n\t\t\t\t<\/div>\n\t\t\t\t\t<\/div>\n\t\t<\/div>\n\t\t\t\t\t\t\t<\/div>\n\t\t<\/section>\n\t\t\t\t<section class=\"elementor-section elementor-top-section elementor-element elementor-element-38bca2a elementor-section-boxed elementor-section-height-default elementor-section-height-default\" data-id=\"38bca2a\" data-element_type=\"section\">\n\t\t\t\t\t\t<div class=\"elementor-container elementor-column-gap-default\">\n\t\t\t\t\t<div class=\"elementor-column elementor-col-50 elementor-top-column elementor-element elementor-element-a9a84bf\" data-id=\"a9a84bf\" data-element_type=\"column\">\n\t\t\t<div class=\"elementor-widget-wrap elementor-element-populated\">\n\t\t\t\t\t\t\t\t<div class=\"elementor-element elementor-element-3b706b0 elementor-widget elementor-widget-text-editor\" data-id=\"3b706b0\" data-element_type=\"widget\" data-widget_type=\"text-editor.default\">\n\t\t\t\t<div class=\"elementor-widget-container\">\n\t\t\t\t\t\t\t<div><p>Weitere Beispiele, in denen <b>Messen und Zeichnen Piecha<\/b> denkmalgesch\u00fctzte Geb\u00e4ude vermessen hat:<\/p><\/div><ul><li>Arbeitszimmer von Walter Gropius im Bauhaus Dessau\u00a0<\/li><li>Meisterhaus &#8220;Muche\/Schlemmer&#8221; in Dessau (Architekt: Walter Gropius)<\/li><li>Ehemalige Bundesschule des AGB in Bernau (Weltkulturerbe der UNESCO)<\/li><li>Theater in Wolfsburg (Architekt: Hans Scharoun)<\/li><li>Schloss Hohensch\u00f6nhausen<\/li><li>Schloss Blankensee<\/li><li>Kolbe-Museum Berlin<\/li><li>Gipsabguss- und Skulpturensammlung Berlin<\/li><li>Klosterkirche in Angerm\u00fcnde (einsturzgef\u00e4hrdet)<\/li><li>60 Dorf- bzw. Hauptkirchen in der Uckermark<\/li><\/ul>\t\t\t\t\t\t<\/div>\n\t\t\t\t<\/div>\n\t\t\t\t\t<\/div>\n\t\t<\/div>\n\t\t\t\t<div class=\"elementor-column elementor-col-50 elementor-top-column elementor-element elementor-element-bbf1ccd\" data-id=\"bbf1ccd\" data-element_type=\"column\">\n\t\t\t<div class=\"elementor-widget-wrap elementor-element-populated\">\n\t\t\t\t\t\t\t\t<div class=\"elementor-element elementor-element-e62c9ed elementor-widget elementor-widget-image\" data-id=\"e62c9ed\" data-element_type=\"widget\" data-widget_type=\"image.default\">\n\t\t\t\t<div class=\"elementor-widget-container\">\n\t\t\t\t\t\t\t\t\t\t\t\t\t\t\t<img loading=\"lazy\" decoding=\"async\" width=\"800\" height=\"600\" src=\"https:\/\/www.muz-piecha.de\/wordpress\/wp-content\/uploads\/2023\/05\/Friedenskirche_Denkmalschutz.png\" class=\"attachment-large size-large wp-image-930\" alt=\"\" srcset=\"https:\/\/www.muz-piecha.de\/wordpress\/wp-content\/uploads\/2023\/05\/Friedenskirche_Denkmalschutz.png 800w, https:\/\/www.muz-piecha.de\/wordpress\/wp-content\/uploads\/2023\/05\/Friedenskirche_Denkmalschutz-300x225.png 300w, https:\/\/www.muz-piecha.de\/wordpress\/wp-content\/uploads\/2023\/05\/Friedenskirche_Denkmalschutz-768x576.png 768w\" sizes=\"auto, (max-width: 800px) 100vw, 800px\" \/>\t\t\t\t\t\t\t\t\t\t\t\t\t\t\t<\/div>\n\t\t\t\t<\/div>\n\t\t\t\t\t<\/div>\n\t\t<\/div>\n\t\t\t\t\t\t\t<\/div>\n\t\t<\/section>\n\t\t\t\t<section class=\"elementor-section elementor-top-section elementor-element elementor-element-4ba1fbc elementor-section-boxed elementor-section-height-default elementor-section-height-default\" data-id=\"4ba1fbc\" data-element_type=\"section\">\n\t\t\t\t\t\t<div class=\"elementor-container elementor-column-gap-default\">\n\t\t\t\t\t<div class=\"elementor-column elementor-col-50 elementor-top-column elementor-element elementor-element-d0a4b91\" data-id=\"d0a4b91\" data-element_type=\"column\">\n\t\t\t<div class=\"elementor-widget-wrap elementor-element-populated\">\n\t\t\t\t\t\t\t\t<div class=\"elementor-element elementor-element-1606d58 elementor-widget elementor-widget-image\" data-id=\"1606d58\" data-element_type=\"widget\" data-widget_type=\"image.default\">\n\t\t\t\t<div class=\"elementor-widget-container\">\n\t\t\t\t\t\t\t\t\t\t\t\t\t\t\t<img loading=\"lazy\" decoding=\"async\" width=\"800\" height=\"600\" src=\"https:\/\/www.muz-piecha.de\/wordpress\/wp-content\/uploads\/2023\/05\/Denkmal.png\" class=\"attachment-large size-large wp-image-937\" alt=\"\" srcset=\"https:\/\/www.muz-piecha.de\/wordpress\/wp-content\/uploads\/2023\/05\/Denkmal.png 800w, https:\/\/www.muz-piecha.de\/wordpress\/wp-content\/uploads\/2023\/05\/Denkmal-300x225.png 300w, https:\/\/www.muz-piecha.de\/wordpress\/wp-content\/uploads\/2023\/05\/Denkmal-768x576.png 768w\" sizes=\"auto, (max-width: 800px) 100vw, 800px\" \/>\t\t\t\t\t\t\t\t\t\t\t\t\t\t\t<\/div>\n\t\t\t\t<\/div>\n\t\t\t\t\t<\/div>\n\t\t<\/div>\n\t\t\t\t<div class=\"elementor-column elementor-col-50 elementor-top-column elementor-element elementor-element-83b7645\" data-id=\"83b7645\" data-element_type=\"column\">\n\t\t\t<div class=\"elementor-widget-wrap elementor-element-populated\">\n\t\t\t\t\t\t\t\t<div class=\"elementor-element elementor-element-49953cc elementor-widget elementor-widget-text-editor\" data-id=\"49953cc\" data-element_type=\"widget\" data-widget_type=\"text-editor.default\">\n\t\t\t\t<div class=\"elementor-widget-container\">\n\t\t\t\t\t\t\t<p>Die Vermessung von unter Denkmalschutz stehenden Geb\u00e4uden erfordert besondere Sorgfalt und Detailtreue. F\u00fcr unsere Auftraggeber erstellen wir:<\/p><ul><li>Sehr detaillierte und verformungsgerechte Bestandserfassungen<\/li><li>Dokumentation von Bausch\u00e4den und von bauzeitlichen Bauzust\u00e4nden (z.B.\u00a0 vermauerte Wand\u00f6ffnungen, ehemalige Wandanschl\u00fcsse, Gew\u00f6lbereste, usw.)<\/li><li>Detaillzeichnungen (z.B. von historischen Fenstern mit einem Ma\u00dfstab bis 1:1, von Stuckdecken, Parkett- oder Fliesenmustern)<\/li><\/ul>\t\t\t\t\t\t<\/div>\n\t\t\t\t<\/div>\n\t\t\t\t\t<\/div>\n\t\t<\/div>\n\t\t\t\t\t\t\t<\/div>\n\t\t<\/section>\n\t\t\t\t\t\t\t<\/div>\n\t\t","protected":false},"excerpt":{"rendered":"<p>Denkmalschutz Durch gesetzliche Regelungen zum Denkmalschutz wird gew\u00e4hrleistet, dass historische Geb\u00e4ude gesch\u00fctzt und erhalten werden. Dadurch bewahrt sich Deutschland\u00a0 viele wichtige historisch-kulturelle Zeitzeugen und eine architektonische Vielfalt. Auch uns liegt der Fortbestand unseres kulturellen Erbes sehr am Herzen. In unseren Referenzen finden sich zahlreiche Schl\u00f6sser, Museen und Kirchen, zum Beispiel die Friedenskirche in Potsdam (Bild &#8230; <a title=\"Denkmalschutz\" class=\"read-more\" href=\"https:\/\/www.muz-piecha.de\/wordpress\/?page_id=154\" aria-label=\"Mehr dazu unter Denkmalschutz\">Weiterlesen<\/a><\/p>\n","protected":false},"author":1,"featured_media":0,"parent":0,"menu_order":0,"comment_status":"closed","ping_status":"closed","template":"","meta":{"footnotes":""},"class_list":["post-154","page","type-page","status-publish"],"_links":{"self":[{"href":"https:\/\/www.muz-piecha.de\/wordpress\/index.php?rest_route=\/wp\/v2\/pages\/154","targetHints":{"allow":["GET"]}}],"collection":[{"href":"https:\/\/www.muz-piecha.de\/wordpress\/index.php?rest_route=\/wp\/v2\/pages"}],"about":[{"href":"https:\/\/www.muz-piecha.de\/wordpress\/index.php?rest_route=\/wp\/v2\/types\/page"}],"author":[{"embeddable":true,"href":"https:\/\/www.muz-piecha.de\/wordpress\/index.php?rest_route=\/wp\/v2\/users\/1"}],"replies":[{"embeddable":true,"href":"https:\/\/www.muz-piecha.de\/wordpress\/index.php?rest_route=%2Fwp%2Fv2%2Fcomments&post=154"}],"version-history":[{"count":31,"href":"https:\/\/www.muz-piecha.de\/wordpress\/index.php?rest_route=\/wp\/v2\/pages\/154\/revisions"}],"predecessor-version":[{"id":1085,"href":"https:\/\/www.muz-piecha.de\/wordpress\/index.php?rest_route=\/wp\/v2\/pages\/154\/revisions\/1085"}],"wp:attachment":[{"href":"https:\/\/www.muz-piecha.de\/wordpress\/index.php?rest_route=%2Fwp%2Fv2%2Fmedia&parent=154"}],"curies":[{"name":"wp","href":"https:\/\/api.w.org\/{rel}","templated":true}]}}