{"id":160,"date":"2023-01-09T12:08:47","date_gmt":"2023-01-09T11:08:47","guid":{"rendered":"https:\/\/www.muz-piecha.de\/wordpress\/?page_id=160"},"modified":"2023-09-13T08:43:13","modified_gmt":"2023-09-13T07:43:13","slug":"3d-laserscanning","status":"publish","type":"page","link":"https:\/\/www.muz-piecha.de\/wordpress\/?page_id=160","title":{"rendered":"3D-Laserscanning"},"content":{"rendered":"\t\t<div data-elementor-type=\"wp-page\" data-elementor-id=\"160\" class=\"elementor elementor-160\">\n\t\t\t\t\t\t\t\t\t<section class=\"elementor-section elementor-top-section elementor-element elementor-element-a437acd elementor-section-height-min-height elementor-section-boxed elementor-section-height-default elementor-section-items-middle\" data-id=\"a437acd\" data-element_type=\"section\" data-settings=\"{&quot;background_background&quot;:&quot;slideshow&quot;,&quot;background_slideshow_gallery&quot;:[{&quot;id&quot;:685,&quot;url&quot;:&quot;https:\\\/\\\/www.muz-piecha.de\\\/wordpress\\\/wp-content\\\/uploads\\\/2023\\\/01\\\/3D_iStock-1364131756-1_x.jpg&quot;}],&quot;shape_divider_bottom&quot;:&quot;triangle-asymmetrical&quot;,&quot;shape_divider_bottom_negative&quot;:&quot;yes&quot;,&quot;background_slideshow_loop&quot;:&quot;yes&quot;,&quot;background_slideshow_slide_duration&quot;:5000,&quot;background_slideshow_slide_transition&quot;:&quot;fade&quot;,&quot;background_slideshow_transition_duration&quot;:500}\">\n\t\t\t\t\t\t\t<div class=\"elementor-background-overlay\"><\/div>\n\t\t\t\t\t\t<div class=\"elementor-shape elementor-shape-bottom\" data-negative=\"true\">\n\t\t\t<svg xmlns=\"http:\/\/www.w3.org\/2000\/svg\" viewBox=\"0 0 1000 100\" preserveAspectRatio=\"none\">\n\t<path class=\"elementor-shape-fill\" d=\"M737.9,94.7L0,0v100h1000V0L737.9,94.7z\"\/>\n<\/svg>\t\t<\/div>\n\t\t\t\t\t<div class=\"elementor-container elementor-column-gap-default\">\n\t\t\t\t\t<div class=\"elementor-column elementor-col-100 elementor-top-column elementor-element elementor-element-11bcb2b\" data-id=\"11bcb2b\" data-element_type=\"column\">\n\t\t\t<div class=\"elementor-widget-wrap elementor-element-populated\">\n\t\t\t\t\t\t\t\t<div class=\"elementor-element elementor-element-2206c36 elementor-widget elementor-widget-heading\" data-id=\"2206c36\" data-element_type=\"widget\" data-widget_type=\"heading.default\">\n\t\t\t\t<div class=\"elementor-widget-container\">\n\t\t\t<style>\/*! elementor - v3.9.2 - 21-12-2022 *\/\n.elementor-heading-title{padding:0;margin:0;line-height:1}.elementor-widget-heading .elementor-heading-title[class*=elementor-size-]>a{color:inherit;font-size:inherit;line-height:inherit}.elementor-widget-heading .elementor-heading-title.elementor-size-small{font-size:15px}.elementor-widget-heading .elementor-heading-title.elementor-size-medium{font-size:19px}.elementor-widget-heading .elementor-heading-title.elementor-size-large{font-size:29px}.elementor-widget-heading .elementor-heading-title.elementor-size-xl{font-size:39px}.elementor-widget-heading .elementor-heading-title.elementor-size-xxl{font-size:59px}<\/style><h1 class=\"elementor-heading-title elementor-size-default\">3D-Laserscanning<\/h1>\t\t<\/div>\n\t\t\t\t<\/div>\n\t\t\t\t\t<\/div>\n\t\t<\/div>\n\t\t\t\t\t\t\t<\/div>\n\t\t<\/section>\n\t\t\t\t<section class=\"elementor-section elementor-top-section elementor-element elementor-element-f9c257c elementor-section-boxed elementor-section-height-default elementor-section-height-default\" data-id=\"f9c257c\" data-element_type=\"section\">\n\t\t\t\t\t\t<div class=\"elementor-container elementor-column-gap-default\">\n\t\t\t\t\t<div class=\"elementor-column elementor-col-100 elementor-top-column elementor-element elementor-element-fa709d1\" data-id=\"fa709d1\" data-element_type=\"column\">\n\t\t\t<div class=\"elementor-widget-wrap elementor-element-populated\">\n\t\t\t\t\t\t\t\t<div class=\"elementor-element elementor-element-0d948e1 elementor-widget elementor-widget-spacer\" data-id=\"0d948e1\" data-element_type=\"widget\" data-widget_type=\"spacer.default\">\n\t\t\t\t<div class=\"elementor-widget-container\">\n\t\t\t<style>\/*! elementor - v3.9.2 - 21-12-2022 *\/\n.elementor-column .elementor-spacer-inner{height:var(--spacer-size)}.e-con{--container-widget-width:100%}.e-con-inner>.elementor-widget-spacer,.e-con>.elementor-widget-spacer{width:var(--container-widget-width,var(--spacer-size));--align-self:var(--container-widget-align-self,initial);--flex-shrink:0}.e-con-inner>.elementor-widget-spacer>.elementor-widget-container,.e-con-inner>.elementor-widget-spacer>.elementor-widget-container>.elementor-spacer,.e-con>.elementor-widget-spacer>.elementor-widget-container,.e-con>.elementor-widget-spacer>.elementor-widget-container>.elementor-spacer{height:100%}.e-con-inner>.elementor-widget-spacer>.elementor-widget-container>.elementor-spacer>.elementor-spacer-inner,.e-con>.elementor-widget-spacer>.elementor-widget-container>.elementor-spacer>.elementor-spacer-inner{height:var(--container-widget-height,var(--spacer-size))}<\/style>\t\t<div class=\"elementor-spacer\">\n\t\t\t<div class=\"elementor-spacer-inner\"><\/div>\n\t\t<\/div>\n\t\t\t\t<\/div>\n\t\t\t\t<\/div>\n\t\t\t\t\t<\/div>\n\t\t<\/div>\n\t\t\t\t\t\t\t<\/div>\n\t\t<\/section>\n\t\t\t\t<section class=\"elementor-section elementor-top-section elementor-element elementor-element-d729022 elementor-section-boxed elementor-section-height-default elementor-section-height-default\" data-id=\"d729022\" data-element_type=\"section\">\n\t\t\t\t\t\t<div class=\"elementor-container elementor-column-gap-default\">\n\t\t\t\t\t<div class=\"elementor-column elementor-col-50 elementor-top-column elementor-element elementor-element-32da177\" data-id=\"32da177\" data-element_type=\"column\">\n\t\t\t<div class=\"elementor-widget-wrap elementor-element-populated\">\n\t\t\t\t\t\t\t\t<div class=\"elementor-element elementor-element-7b347e8 elementor-widget elementor-widget-text-editor\" data-id=\"7b347e8\" data-element_type=\"widget\" data-widget_type=\"text-editor.default\">\n\t\t\t\t<div class=\"elementor-widget-container\">\n\t\t\t<style>\/*! elementor - v3.9.2 - 21-12-2022 *\/\n.elementor-widget-text-editor.elementor-drop-cap-view-stacked .elementor-drop-cap{background-color:#818a91;color:#fff}.elementor-widget-text-editor.elementor-drop-cap-view-framed .elementor-drop-cap{color:#818a91;border:3px solid;background-color:transparent}.elementor-widget-text-editor:not(.elementor-drop-cap-view-default) .elementor-drop-cap{margin-top:8px}.elementor-widget-text-editor:not(.elementor-drop-cap-view-default) .elementor-drop-cap-letter{width:1em;height:1em}.elementor-widget-text-editor .elementor-drop-cap{float:left;text-align:center;line-height:1;font-size:50px}.elementor-widget-text-editor .elementor-drop-cap-letter{display:inline-block}<\/style>\t\t\t\t<p>3D-Laserscanner sind der neueste Stand der Vermessungstechnik. Sie bieten viele Vorteile gegen\u00fcber dem klassischen Aufma\u00df mit einem Tachymeter.&nbsp;3D-Laserscanner k\u00f6nnen gro\u00dfe Datenmengen, sogenannte Punktwolken, in vergleichsweise kurzer Zeit erfassen, da sie in einem Raster scannen, im Gegensatz zu Tachymetern oder \u00e4hnlichen Messger\u00e4ten, die jeweils einzelne Punkte erfassen.&nbsp;<\/p>\n<p>Im Vermessungsb\u00fcro Piecha kommen die Modelle SX10 und X7 vom Hersteller <a href=\"https:\/\/de.geospatial.trimble.com\/product-and-solutions\/3D-laser-scanning\">Trimble<\/a>&nbsp;zum Einsatz. Sie erm\u00f6glichen hochaufl\u00f6sende, schnelle und ber\u00fchrungslose Bestandserfassung komplexer Strukturen.<\/p>\n<p>Der <a href=\"https:\/\/de.geospatial.trimble.com\/products-and-solutions\/trimble-x7\">Trimble X7<\/a> eignet sich f\u00fcr Innenr\u00e4ume und Au\u00dfenvermessung gleicherma\u00dfen. Mit automatischer Kalibirierung und Horizontierung ist er relativ einfach in der Handhabung und erm\u00f6glicht so eine hohe Effizienz vor Ort.<\/p>\n<p>Der <a href=\"https:\/\/de.geospatial.trimble.com\/resource-center\/sample-datasets\/sx10-topographic-survey\">Trimble SX10<\/a> erm\u00f6glicht hoch-pr\u00e4zise Vermessung von Fassaden. Dank Tachimeterfunktion kann er vor Ort exakt stationiert werden und au\u00dferdem auch in gro\u00dfer Entfernung mit hoher Aufl\u00f6sung scannen.<\/p><ul style=\"list-style-type: &quot;\u2014&nbsp;&nbsp;&quot;; color: rgb(0, 0, 0); font-size: medium;\">\n<\/ul>\t\t\t\t\t\t<\/div>\n\t\t\t\t<\/div>\n\t\t\t\t\t<\/div>\n\t\t<\/div>\n\t\t\t\t<div class=\"elementor-column elementor-col-50 elementor-top-column elementor-element elementor-element-be0133f\" data-id=\"be0133f\" data-element_type=\"column\">\n\t\t\t<div class=\"elementor-widget-wrap elementor-element-populated\">\n\t\t\t\t\t\t\t\t<div class=\"elementor-element elementor-element-b5db822 elementor-widget elementor-widget-image\" data-id=\"b5db822\" data-element_type=\"widget\" data-widget_type=\"image.default\">\n\t\t\t\t<div class=\"elementor-widget-container\">\n\t\t\t<style>\/*! elementor - v3.9.2 - 21-12-2022 *\/\n.elementor-widget-image{text-align:center}.elementor-widget-image a{display:inline-block}.elementor-widget-image a img[src$=\".svg\"]{width:48px}.elementor-widget-image img{vertical-align:middle;display:inline-block}<\/style>\t\t\t\t\t\t\t\t\t\t\t\t<img loading=\"lazy\" decoding=\"async\" width=\"800\" height=\"600\" src=\"https:\/\/www.muz-piecha.de\/wordpress\/wp-content\/uploads\/2023\/04\/3D-Scanner-Trimble-SX10.png\" class=\"attachment-large size-large wp-image-769\" alt=\"\" srcset=\"https:\/\/www.muz-piecha.de\/wordpress\/wp-content\/uploads\/2023\/04\/3D-Scanner-Trimble-SX10.png 800w, https:\/\/www.muz-piecha.de\/wordpress\/wp-content\/uploads\/2023\/04\/3D-Scanner-Trimble-SX10-300x225.png 300w, https:\/\/www.muz-piecha.de\/wordpress\/wp-content\/uploads\/2023\/04\/3D-Scanner-Trimble-SX10-768x576.png 768w\" sizes=\"auto, (max-width: 800px) 100vw, 800px\" \/>\t\t\t\t\t\t\t\t\t\t\t\t\t\t\t<\/div>\n\t\t\t\t<\/div>\n\t\t\t\t\t<\/div>\n\t\t<\/div>\n\t\t\t\t\t\t\t<\/div>\n\t\t<\/section>\n\t\t\t\t<section class=\"elementor-section elementor-top-section elementor-element elementor-element-1469b05 elementor-section-boxed elementor-section-height-default elementor-section-height-default\" data-id=\"1469b05\" data-element_type=\"section\">\n\t\t\t\t\t\t<div class=\"elementor-container elementor-column-gap-default\">\n\t\t\t\t\t<div class=\"elementor-column elementor-col-100 elementor-top-column elementor-element elementor-element-a40b37b\" data-id=\"a40b37b\" data-element_type=\"column\">\n\t\t\t<div class=\"elementor-widget-wrap elementor-element-populated\">\n\t\t\t\t\t\t\t\t<div class=\"elementor-element elementor-element-21ab532 elementor-widget elementor-widget-spacer\" data-id=\"21ab532\" data-element_type=\"widget\" data-widget_type=\"spacer.default\">\n\t\t\t\t<div class=\"elementor-widget-container\">\n\t\t\t\t\t<div class=\"elementor-spacer\">\n\t\t\t<div class=\"elementor-spacer-inner\"><\/div>\n\t\t<\/div>\n\t\t\t\t<\/div>\n\t\t\t\t<\/div>\n\t\t\t\t\t<\/div>\n\t\t<\/div>\n\t\t\t\t\t\t\t<\/div>\n\t\t<\/section>\n\t\t\t\t<section class=\"elementor-section elementor-top-section elementor-element elementor-element-9bc5178 elementor-section-boxed elementor-section-height-default elementor-section-height-default\" data-id=\"9bc5178\" data-element_type=\"section\">\n\t\t\t\t\t\t<div class=\"elementor-container elementor-column-gap-default\">\n\t\t\t\t\t<div class=\"elementor-column elementor-col-50 elementor-top-column elementor-element elementor-element-5605407\" data-id=\"5605407\" data-element_type=\"column\">\n\t\t\t<div class=\"elementor-widget-wrap elementor-element-populated\">\n\t\t\t\t\t\t\t\t<div class=\"elementor-element elementor-element-f0d01ce elementor-widget elementor-widget-image\" data-id=\"f0d01ce\" data-element_type=\"widget\" data-widget_type=\"image.default\">\n\t\t\t\t<div class=\"elementor-widget-container\">\n\t\t\t\t\t\t\t\t\t\t\t\t\t\t\t<img loading=\"lazy\" decoding=\"async\" width=\"1024\" height=\"683\" src=\"https:\/\/www.muz-piecha.de\/wordpress\/wp-content\/uploads\/2023\/01\/3D_iStock-1364131756-1_x-1024x683.jpg\" class=\"attachment-large size-large wp-image-685\" alt=\"\" srcset=\"https:\/\/www.muz-piecha.de\/wordpress\/wp-content\/uploads\/2023\/01\/3D_iStock-1364131756-1_x-1024x683.jpg 1024w, https:\/\/www.muz-piecha.de\/wordpress\/wp-content\/uploads\/2023\/01\/3D_iStock-1364131756-1_x-300x200.jpg 300w, https:\/\/www.muz-piecha.de\/wordpress\/wp-content\/uploads\/2023\/01\/3D_iStock-1364131756-1_x-768x512.jpg 768w, https:\/\/www.muz-piecha.de\/wordpress\/wp-content\/uploads\/2023\/01\/3D_iStock-1364131756-1_x-1536x1025.jpg 1536w, https:\/\/www.muz-piecha.de\/wordpress\/wp-content\/uploads\/2023\/01\/3D_iStock-1364131756-1_x.jpg 2048w\" sizes=\"auto, (max-width: 1024px) 100vw, 1024px\" \/>\t\t\t\t\t\t\t\t\t\t\t\t\t\t\t<\/div>\n\t\t\t\t<\/div>\n\t\t\t\t\t<\/div>\n\t\t<\/div>\n\t\t\t\t<div class=\"elementor-column elementor-col-50 elementor-top-column elementor-element elementor-element-f91bb66\" data-id=\"f91bb66\" data-element_type=\"column\">\n\t\t\t<div class=\"elementor-widget-wrap elementor-element-populated\">\n\t\t\t\t\t\t\t\t<div class=\"elementor-element elementor-element-7e3c413 elementor-widget elementor-widget-text-editor\" data-id=\"7e3c413\" data-element_type=\"widget\" data-widget_type=\"text-editor.default\">\n\t\t\t\t<div class=\"elementor-widget-container\">\n\t\t\t\t\t\t\t<p>Ein gro\u00dfer Vorteil der 3D-Laserscanner besteht darin, dass die Geometrie von Geb\u00e4uden oder Objekten komplett erfasst werden kann. Laserstrahlen scannen dabei Millionen von Punkten und nehmen diese auf. Diese Punkte enthalten Informationen wie Intensit\u00e4t der Reflexion, Distanz zum Laserscanner und die Position relativ zu den n\u00e4chsten anderen Punkten. Damit werden aussagekr\u00e4ftige r\u00e4umliche Bestandsdaten geliefert, auf deren Grundlage weitere Planungen zuverl\u00e4ssig durchgef\u00fchrt werden k\u00f6nnen. Die gesammelten Informationen k\u00f6nnen dann verwendet werden, um computergest\u00fctzte 3D-Modelle zu erstellen.<\/p>\t\t\t\t\t\t<\/div>\n\t\t\t\t<\/div>\n\t\t\t\t\t<\/div>\n\t\t<\/div>\n\t\t\t\t\t\t\t<\/div>\n\t\t<\/section>\n\t\t\t\t<section class=\"elementor-section elementor-top-section elementor-element elementor-element-6d15c8a elementor-section-boxed elementor-section-height-default elementor-section-height-default\" data-id=\"6d15c8a\" data-element_type=\"section\">\n\t\t\t\t\t\t<div class=\"elementor-container elementor-column-gap-default\">\n\t\t\t\t\t<div class=\"elementor-column elementor-col-100 elementor-top-column elementor-element elementor-element-2c44692\" data-id=\"2c44692\" data-element_type=\"column\">\n\t\t\t<div class=\"elementor-widget-wrap elementor-element-populated\">\n\t\t\t\t\t\t\t\t<div class=\"elementor-element elementor-element-92a1b3a elementor-widget elementor-widget-spacer\" data-id=\"92a1b3a\" data-element_type=\"widget\" data-widget_type=\"spacer.default\">\n\t\t\t\t<div class=\"elementor-widget-container\">\n\t\t\t\t\t<div class=\"elementor-spacer\">\n\t\t\t<div class=\"elementor-spacer-inner\"><\/div>\n\t\t<\/div>\n\t\t\t\t<\/div>\n\t\t\t\t<\/div>\n\t\t\t\t\t<\/div>\n\t\t<\/div>\n\t\t\t\t\t\t\t<\/div>\n\t\t<\/section>\n\t\t\t\t<section class=\"elementor-section elementor-top-section elementor-element elementor-element-a436a93 elementor-section-boxed elementor-section-height-default elementor-section-height-default\" data-id=\"a436a93\" data-element_type=\"section\">\n\t\t\t\t\t\t<div class=\"elementor-container elementor-column-gap-default\">\n\t\t\t\t\t<div class=\"elementor-column elementor-col-50 elementor-top-column elementor-element elementor-element-352c0d0\" data-id=\"352c0d0\" data-element_type=\"column\">\n\t\t\t<div class=\"elementor-widget-wrap elementor-element-populated\">\n\t\t\t\t\t\t\t\t<div class=\"elementor-element elementor-element-bc72d7d elementor-widget elementor-widget-text-editor\" data-id=\"bc72d7d\" data-element_type=\"widget\" data-widget_type=\"text-editor.default\">\n\t\t\t\t<div class=\"elementor-widget-container\">\n\t\t\t\t\t\t\t<p>Der Objektzustand wird zum Zeitpunkt der Messung vollst\u00e4ndig dokumentiert und kann daher auch als Beweissicherung dienen. Sp\u00e4ter auftretende Fragestellungen k\u00f6nnen somit nachhaltig beantwortet werden.<\/p><p><span style=\"background-color: var(--base-3); color: var( --e-global-color-text ); font-family: var( --e-global-typography-text-font-family ), Sans-serif; font-weight: var( --e-global-typography-text-font-weight );\">Einsatzbereiche des 3D-Laserscanning:<\/span><\/p><ul><li>Effizientes Aufma\u00df komplexer Objektstrukturen, z.B. Dachst\u00fchlen oder verwinkelten Geb\u00e4uden<\/li><li><span style=\"color: var( --e-global-color-text ); font-family: var( --e-global-typography-text-font-family ), Sans-serif; font-weight: var( --e-global-typography-text-font-weight ); background-color: var(--base-3);\">Erstellung von 3D-Modellen als Planungsgrundlage<\/span><\/li><li>Ebenheitskontroller<\/li><\/ul>\t\t\t\t\t\t<\/div>\n\t\t\t\t<\/div>\n\t\t\t\t\t<\/div>\n\t\t<\/div>\n\t\t\t\t<div class=\"elementor-column elementor-col-50 elementor-top-column elementor-element elementor-element-d80aecc\" data-id=\"d80aecc\" data-element_type=\"column\">\n\t\t\t<div class=\"elementor-widget-wrap elementor-element-populated\">\n\t\t\t\t\t\t\t\t<div class=\"elementor-element elementor-element-8c5c643 elementor-widget elementor-widget-image\" data-id=\"8c5c643\" data-element_type=\"widget\" data-widget_type=\"image.default\">\n\t\t\t\t<div class=\"elementor-widget-container\">\n\t\t\t\t\t\t\t\t\t\t\t\t\t\t\t<img loading=\"lazy\" decoding=\"async\" width=\"1024\" height=\"768\" src=\"https:\/\/www.muz-piecha.de\/wordpress\/wp-content\/uploads\/2023\/01\/HOME_iStock-90991202-1024x768.jpg\" class=\"attachment-large size-large wp-image-673\" alt=\"\" srcset=\"https:\/\/www.muz-piecha.de\/wordpress\/wp-content\/uploads\/2023\/01\/HOME_iStock-90991202-1024x768.jpg 1024w, https:\/\/www.muz-piecha.de\/wordpress\/wp-content\/uploads\/2023\/01\/HOME_iStock-90991202-300x225.jpg 300w, https:\/\/www.muz-piecha.de\/wordpress\/wp-content\/uploads\/2023\/01\/HOME_iStock-90991202-768x576.jpg 768w, https:\/\/www.muz-piecha.de\/wordpress\/wp-content\/uploads\/2023\/01\/HOME_iStock-90991202-1536x1152.jpg 1536w, https:\/\/www.muz-piecha.de\/wordpress\/wp-content\/uploads\/2023\/01\/HOME_iStock-90991202-2048x1536.jpg 2048w\" sizes=\"auto, (max-width: 1024px) 100vw, 1024px\" \/>\t\t\t\t\t\t\t\t\t\t\t\t\t\t\t<\/div>\n\t\t\t\t<\/div>\n\t\t\t\t\t<\/div>\n\t\t<\/div>\n\t\t\t\t\t\t\t<\/div>\n\t\t<\/section>\n\t\t\t\t\t\t\t<\/div>\n\t\t","protected":false},"excerpt":{"rendered":"<p>3D-Laserscanning 3D-Laserscanner sind der neueste Stand der Vermessungstechnik. Sie bieten viele Vorteile gegen\u00fcber dem klassischen Aufma\u00df mit einem Tachymeter.&nbsp;3D-Laserscanner k\u00f6nnen gro\u00dfe Datenmengen, sogenannte Punktwolken, in vergleichsweise kurzer Zeit erfassen, da sie in einem Raster scannen, im Gegensatz zu Tachymetern oder \u00e4hnlichen Messger\u00e4ten, die jeweils einzelne Punkte erfassen.&nbsp; Im Vermessungsb\u00fcro Piecha kommen die Modelle SX10 und &#8230; <a title=\"3D-Laserscanning\" class=\"read-more\" href=\"https:\/\/www.muz-piecha.de\/wordpress\/?page_id=160\" aria-label=\"Mehr dazu unter 3D-Laserscanning\">Weiterlesen<\/a><\/p>\n","protected":false},"author":1,"featured_media":0,"parent":0,"menu_order":0,"comment_status":"closed","ping_status":"closed","template":"","meta":{"footnotes":""},"class_list":["post-160","page","type-page","status-publish"],"_links":{"self":[{"href":"https:\/\/www.muz-piecha.de\/wordpress\/index.php?rest_route=\/wp\/v2\/pages\/160","targetHints":{"allow":["GET"]}}],"collection":[{"href":"https:\/\/www.muz-piecha.de\/wordpress\/index.php?rest_route=\/wp\/v2\/pages"}],"about":[{"href":"https:\/\/www.muz-piecha.de\/wordpress\/index.php?rest_route=\/wp\/v2\/types\/page"}],"author":[{"embeddable":true,"href":"https:\/\/www.muz-piecha.de\/wordpress\/index.php?rest_route=\/wp\/v2\/users\/1"}],"replies":[{"embeddable":true,"href":"https:\/\/www.muz-piecha.de\/wordpress\/index.php?rest_route=%2Fwp%2Fv2%2Fcomments&post=160"}],"version-history":[{"count":70,"href":"https:\/\/www.muz-piecha.de\/wordpress\/index.php?rest_route=\/wp\/v2\/pages\/160\/revisions"}],"predecessor-version":[{"id":1126,"href":"https:\/\/www.muz-piecha.de\/wordpress\/index.php?rest_route=\/wp\/v2\/pages\/160\/revisions\/1126"}],"wp:attachment":[{"href":"https:\/\/www.muz-piecha.de\/wordpress\/index.php?rest_route=%2Fwp%2Fv2%2Fmedia&parent=160"}],"curies":[{"name":"wp","href":"https:\/\/api.w.org\/{rel}","templated":true}]}}