{"id":83,"date":"2023-01-08T23:42:18","date_gmt":"2023-01-08T22:42:18","guid":{"rendered":"https:\/\/www.muz-piecha.de\/wordpress\/?page_id=83"},"modified":"2023-08-27T08:53:41","modified_gmt":"2023-08-27T07:53:41","slug":"ueber-uns","status":"publish","type":"page","link":"https:\/\/www.muz-piecha.de\/wordpress\/?page_id=83","title":{"rendered":"\u00dcber uns"},"content":{"rendered":"\t\t<div data-elementor-type=\"wp-page\" data-elementor-id=\"83\" class=\"elementor elementor-83\">\n\t\t\t\t\t\t\t\t\t<section class=\"elementor-section elementor-top-section elementor-element elementor-element-6799144 elementor-section-height-min-height elementor-section-boxed elementor-section-height-default elementor-section-items-middle\" data-id=\"6799144\" data-element_type=\"section\" data-settings=\"{&quot;background_background&quot;:&quot;slideshow&quot;,&quot;background_slideshow_gallery&quot;:[{&quot;id&quot;:737,&quot;url&quot;:&quot;https:\\\/\\\/www.muz-piecha.de\\\/wordpress\\\/wp-content\\\/uploads\\\/2023\\\/02\\\/iStock-978339282-scaled.jpg&quot;},{&quot;id&quot;:738,&quot;url&quot;:&quot;https:\\\/\\\/www.muz-piecha.de\\\/wordpress\\\/wp-content\\\/uploads\\\/2023\\\/02\\\/iStock-1343885102.jpg&quot;}],&quot;background_slideshow_slide_duration&quot;:9000,&quot;background_slideshow_ken_burns&quot;:&quot;yes&quot;,&quot;shape_divider_bottom&quot;:&quot;triangle-asymmetrical&quot;,&quot;shape_divider_bottom_negative&quot;:&quot;yes&quot;,&quot;background_slideshow_loop&quot;:&quot;yes&quot;,&quot;background_slideshow_slide_transition&quot;:&quot;fade&quot;,&quot;background_slideshow_transition_duration&quot;:500,&quot;background_slideshow_ken_burns_zoom_direction&quot;:&quot;in&quot;}\">\n\t\t\t\t\t\t\t<div class=\"elementor-background-overlay\"><\/div>\n\t\t\t\t\t\t<div class=\"elementor-shape elementor-shape-bottom\" data-negative=\"true\">\n\t\t\t<svg xmlns=\"http:\/\/www.w3.org\/2000\/svg\" viewBox=\"0 0 1000 100\" preserveAspectRatio=\"none\">\n\t<path class=\"elementor-shape-fill\" d=\"M737.9,94.7L0,0v100h1000V0L737.9,94.7z\"\/>\n<\/svg>\t\t<\/div>\n\t\t\t\t\t<div class=\"elementor-container elementor-column-gap-default\">\n\t\t\t\t\t<div class=\"elementor-column elementor-col-100 elementor-top-column elementor-element elementor-element-6e8cfeb\" data-id=\"6e8cfeb\" data-element_type=\"column\">\n\t\t\t<div class=\"elementor-widget-wrap elementor-element-populated\">\n\t\t\t\t\t\t\t\t<div class=\"elementor-element elementor-element-9120f29 elementor-widget elementor-widget-heading\" data-id=\"9120f29\" data-element_type=\"widget\" data-widget_type=\"heading.default\">\n\t\t\t\t<div class=\"elementor-widget-container\">\n\t\t\t<style>\/*! elementor - v3.9.2 - 21-12-2022 *\/\n.elementor-heading-title{padding:0;margin:0;line-height:1}.elementor-widget-heading .elementor-heading-title[class*=elementor-size-]>a{color:inherit;font-size:inherit;line-height:inherit}.elementor-widget-heading .elementor-heading-title.elementor-size-small{font-size:15px}.elementor-widget-heading .elementor-heading-title.elementor-size-medium{font-size:19px}.elementor-widget-heading .elementor-heading-title.elementor-size-large{font-size:29px}.elementor-widget-heading .elementor-heading-title.elementor-size-xl{font-size:39px}.elementor-widget-heading .elementor-heading-title.elementor-size-xxl{font-size:59px}<\/style><h2 class=\"elementor-heading-title elementor-size-default\">Gemeinsam sind wir stark,<\/h2>\t\t<\/div>\n\t\t\t\t<\/div>\n\t\t\t\t<div class=\"elementor-element elementor-element-5a0b05f elementor-widget elementor-widget-heading\" data-id=\"5a0b05f\" data-element_type=\"widget\" data-widget_type=\"heading.default\">\n\t\t\t\t<div class=\"elementor-widget-container\">\n\t\t\t<h3 class=\"elementor-heading-title elementor-size-medium\">schnell, zuverl\u00e4ssig und pr\u00e4zise.<\/h3>\t\t<\/div>\n\t\t\t\t<\/div>\n\t\t\t\t\t<\/div>\n\t\t<\/div>\n\t\t\t\t\t\t\t<\/div>\n\t\t<\/section>\n\t\t\t\t<section class=\"elementor-section elementor-top-section elementor-element elementor-element-156b355 elementor-section-boxed elementor-section-height-default elementor-section-height-default\" data-id=\"156b355\" data-element_type=\"section\">\n\t\t\t\t\t\t<div class=\"elementor-container elementor-column-gap-default\">\n\t\t\t\t\t<div class=\"elementor-column elementor-col-100 elementor-top-column elementor-element elementor-element-b861975\" data-id=\"b861975\" data-element_type=\"column\">\n\t\t\t<div class=\"elementor-widget-wrap elementor-element-populated\">\n\t\t\t\t\t\t\t\t<div class=\"elementor-element elementor-element-062a938 elementor-widget elementor-widget-spacer\" data-id=\"062a938\" data-element_type=\"widget\" data-widget_type=\"spacer.default\">\n\t\t\t\t<div class=\"elementor-widget-container\">\n\t\t\t<style>\/*! elementor - v3.9.2 - 21-12-2022 *\/\n.elementor-column .elementor-spacer-inner{height:var(--spacer-size)}.e-con{--container-widget-width:100%}.e-con-inner>.elementor-widget-spacer,.e-con>.elementor-widget-spacer{width:var(--container-widget-width,var(--spacer-size));--align-self:var(--container-widget-align-self,initial);--flex-shrink:0}.e-con-inner>.elementor-widget-spacer>.elementor-widget-container,.e-con-inner>.elementor-widget-spacer>.elementor-widget-container>.elementor-spacer,.e-con>.elementor-widget-spacer>.elementor-widget-container,.e-con>.elementor-widget-spacer>.elementor-widget-container>.elementor-spacer{height:100%}.e-con-inner>.elementor-widget-spacer>.elementor-widget-container>.elementor-spacer>.elementor-spacer-inner,.e-con>.elementor-widget-spacer>.elementor-widget-container>.elementor-spacer>.elementor-spacer-inner{height:var(--container-widget-height,var(--spacer-size))}<\/style>\t\t<div class=\"elementor-spacer\">\n\t\t\t<div class=\"elementor-spacer-inner\"><\/div>\n\t\t<\/div>\n\t\t\t\t<\/div>\n\t\t\t\t<\/div>\n\t\t\t\t\t<\/div>\n\t\t<\/div>\n\t\t\t\t\t\t\t<\/div>\n\t\t<\/section>\n\t\t\t\t<section class=\"elementor-section elementor-top-section elementor-element elementor-element-d8825ec elementor-section-boxed elementor-section-height-default elementor-section-height-default\" data-id=\"d8825ec\" data-element_type=\"section\">\n\t\t\t\t\t\t<div class=\"elementor-container elementor-column-gap-default\">\n\t\t\t\t\t<div class=\"elementor-column elementor-col-100 elementor-top-column elementor-element elementor-element-65b36f7\" data-id=\"65b36f7\" data-element_type=\"column\">\n\t\t\t<div class=\"elementor-widget-wrap elementor-element-populated\">\n\t\t\t\t\t\t\t\t<div class=\"elementor-element elementor-element-2ff0af2 elementor-widget elementor-widget-text-editor\" data-id=\"2ff0af2\" data-element_type=\"widget\" data-widget_type=\"text-editor.default\">\n\t\t\t\t<div class=\"elementor-widget-container\">\n\t\t\t<style>\/*! elementor - v3.9.2 - 21-12-2022 *\/\n.elementor-widget-text-editor.elementor-drop-cap-view-stacked .elementor-drop-cap{background-color:#818a91;color:#fff}.elementor-widget-text-editor.elementor-drop-cap-view-framed .elementor-drop-cap{color:#818a91;border:3px solid;background-color:transparent}.elementor-widget-text-editor:not(.elementor-drop-cap-view-default) .elementor-drop-cap{margin-top:8px}.elementor-widget-text-editor:not(.elementor-drop-cap-view-default) .elementor-drop-cap-letter{width:1em;height:1em}.elementor-widget-text-editor .elementor-drop-cap{float:left;text-align:center;line-height:1;font-size:50px}.elementor-widget-text-editor .elementor-drop-cap-letter{display:inline-block}<\/style>\t\t\t\t<p>Seit mehr als 25 Jahren realisiert das Vermessungsb\u00fcro <strong>Messen und Zeichnen Piecha<\/strong> f\u00fcr Sie deutschlandweit gro\u00dfe und kleine Projekte. Fabrikhallen, Superm\u00e4rkte, B\u00fcrogeb\u00e4ude, Kinderg\u00e4rten, Schulen, Seniorenresidenzen, Kirchen, Sozialwohnungsbau oder eine Luxusvilla: Wir vermessen Geb\u00e4ude, f\u00fcr die Sie den Umbau planen, die Sie sanieren, kaufen oder verkaufen wollen.<\/p>\t\t\t\t\t\t<\/div>\n\t\t\t\t<\/div>\n\t\t\t\t\t<\/div>\n\t\t<\/div>\n\t\t\t\t\t\t\t<\/div>\n\t\t<\/section>\n\t\t\t\t<section class=\"elementor-section elementor-top-section elementor-element elementor-element-ebd114f elementor-section-boxed elementor-section-height-default elementor-section-height-default\" data-id=\"ebd114f\" data-element_type=\"section\">\n\t\t\t\t\t\t<div class=\"elementor-container elementor-column-gap-default\">\n\t\t\t\t\t<div class=\"elementor-column elementor-col-33 elementor-top-column elementor-element elementor-element-526f481\" data-id=\"526f481\" data-element_type=\"column\">\n\t\t\t<div class=\"elementor-widget-wrap elementor-element-populated\">\n\t\t\t\t\t\t\t\t<div class=\"elementor-element elementor-element-2ebf7c1 elementor-widget elementor-widget-image\" data-id=\"2ebf7c1\" data-element_type=\"widget\" data-widget_type=\"image.default\">\n\t\t\t\t<div class=\"elementor-widget-container\">\n\t\t\t<style>\/*! elementor - v3.9.2 - 21-12-2022 *\/\n.elementor-widget-image{text-align:center}.elementor-widget-image a{display:inline-block}.elementor-widget-image a img[src$=\".svg\"]{width:48px}.elementor-widget-image img{vertical-align:middle;display:inline-block}<\/style>\t\t\t\t\t\t\t\t\t\t\t\t<img loading=\"lazy\" decoding=\"async\" width=\"768\" height=\"576\" src=\"https:\/\/www.muz-piecha.de\/wordpress\/wp-content\/uploads\/2023\/04\/Thomas_Scanner-768x576.png\" class=\"attachment-medium_large size-medium_large wp-image-765\" alt=\"\" srcset=\"https:\/\/www.muz-piecha.de\/wordpress\/wp-content\/uploads\/2023\/04\/Thomas_Scanner-768x576.png 768w, https:\/\/www.muz-piecha.de\/wordpress\/wp-content\/uploads\/2023\/04\/Thomas_Scanner-300x225.png 300w, https:\/\/www.muz-piecha.de\/wordpress\/wp-content\/uploads\/2023\/04\/Thomas_Scanner.png 800w\" sizes=\"auto, (max-width: 768px) 100vw, 768px\" \/>\t\t\t\t\t\t\t\t\t\t\t\t\t\t\t<\/div>\n\t\t\t\t<\/div>\n\t\t\t\t\t<\/div>\n\t\t<\/div>\n\t\t\t\t<div class=\"elementor-column elementor-col-66 elementor-top-column elementor-element elementor-element-697d31e\" data-id=\"697d31e\" data-element_type=\"column\">\n\t\t\t<div class=\"elementor-widget-wrap elementor-element-populated\">\n\t\t\t\t\t\t\t\t<div class=\"elementor-element elementor-element-3498365 elementor-widget elementor-widget-text-editor\" data-id=\"3498365\" data-element_type=\"widget\" data-widget_type=\"text-editor.default\">\n\t\t\t\t<div class=\"elementor-widget-container\">\n\t\t\t\t\t\t\t<p>Ausgestattet mit modernster Vermessungstechnik\u00a0<span style=\"color: var( --e-global-color-text ); font-family: var( --e-global-typography-text-font-family ), Sans-serif; font-weight: var( --e-global-typography-text-font-weight ); background-color: var(--base-3);\">vom Hersteller<\/span><span style=\"color: var( --e-global-color-text ); font-family: var( --e-global-typography-text-font-family ), Sans-serif; font-weight: var( --e-global-typography-text-font-weight ); background-color: var(--base-3);\">\u00a0<\/span><a style=\"font-family: var( --e-global-typography-text-font-family ), Sans-serif; font-weight: var( --e-global-typography-text-font-weight );\" href=\"https:\/\/de.geospatial.trimble.com\/product-and-solutions\/3D-laser-scanning\">Trimble<\/a><span style=\"color: var( --e-global-color-text ); font-family: var( --e-global-typography-text-font-family ), Sans-serif; font-weight: var( --e-global-typography-text-font-weight ); background-color: var(--base-3);\">\u00a0<\/span><span style=\"color: var( --e-global-color-text ); font-family: var( --e-global-typography-text-font-family ), Sans-serif; font-weight: var( --e-global-typography-text-font-weight ); background-color: var(--base-3);\">gibt es fast kein Bauwerk, das wir nicht vermessen k\u00f6nnen.<\/span><\/p><p>Bild: Gesch\u00e4ftsinhaber\u00a0<span style=\"color: var( --e-global-color-text ); font-family: var( --e-global-typography-text-font-family ), Sans-serif; font-weight: var( --e-global-typography-text-font-weight ); background-color: var(--base-3);\">Thomas Piecha mit dem 3D-Laserscanner vom Hersteller <a href=\"https:\/\/de.geospatial.trimble.com\/products-and-solutions\/trimble-x7\">Trimble: X7<\/a>.<\/span><\/p>\t\t\t\t\t\t<\/div>\n\t\t\t\t<\/div>\n\t\t\t\t\t<\/div>\n\t\t<\/div>\n\t\t\t\t\t\t\t<\/div>\n\t\t<\/section>\n\t\t\t\t<section class=\"elementor-section elementor-top-section elementor-element elementor-element-f958edc elementor-section-boxed elementor-section-height-default elementor-section-height-default\" data-id=\"f958edc\" data-element_type=\"section\">\n\t\t\t\t\t\t<div class=\"elementor-container elementor-column-gap-default\">\n\t\t\t\t\t<div class=\"elementor-column elementor-col-66 elementor-top-column elementor-element elementor-element-32a6839\" data-id=\"32a6839\" data-element_type=\"column\">\n\t\t\t<div class=\"elementor-widget-wrap elementor-element-populated\">\n\t\t\t\t\t\t\t\t<div class=\"elementor-element elementor-element-916d724 elementor-widget elementor-widget-text-editor\" data-id=\"916d724\" data-element_type=\"widget\" data-widget_type=\"text-editor.default\">\n\t\t\t\t<div class=\"elementor-widget-container\">\n\t\t\t\t\t\t\t<p><span style=\"color: var( --e-global-color-text ); font-family: var( --e-global-typography-text-font-family ), Sans-serif; font-weight: var( --e-global-typography-text-font-weight ); background-color: var(--base-3);\">In \u00fcber 25 Jahren haben wir uns ein Netzwerk aus zuverl\u00e4ssigen Partnern aufgebaut. So kann unser Potsdamer Team in Zusammenarbeit mit Partnern auch Gro\u00dfprojekte z\u00fcgig und kosteneffizient umsetzen.<\/span><\/p><p>Bild: Projektleiter Andreas Brandt mit dem 3D-Laserscanner vom Hersteller <a href=\"https:\/\/de.geospatial.trimble.com\/resource-center\/sample-datasets\/sx10-topographic-survey\">Trimble: SX10<\/a>.<\/p>\t\t\t\t\t\t<\/div>\n\t\t\t\t<\/div>\n\t\t\t\t\t<\/div>\n\t\t<\/div>\n\t\t\t\t<div class=\"elementor-column elementor-col-33 elementor-top-column elementor-element elementor-element-d6b7b9a\" data-id=\"d6b7b9a\" data-element_type=\"column\">\n\t\t\t<div class=\"elementor-widget-wrap elementor-element-populated\">\n\t\t\t\t\t\t\t\t<div class=\"elementor-element elementor-element-36a3edf elementor-widget elementor-widget-image\" data-id=\"36a3edf\" data-element_type=\"widget\" data-widget_type=\"image.default\">\n\t\t\t\t<div class=\"elementor-widget-container\">\n\t\t\t\t\t\t\t\t\t\t\t\t\t\t\t<img loading=\"lazy\" decoding=\"async\" width=\"800\" height=\"600\" src=\"https:\/\/www.muz-piecha.de\/wordpress\/wp-content\/uploads\/2023\/04\/Andreas_Scanner.png\" class=\"attachment-large size-large wp-image-772\" alt=\"\" srcset=\"https:\/\/www.muz-piecha.de\/wordpress\/wp-content\/uploads\/2023\/04\/Andreas_Scanner.png 800w, https:\/\/www.muz-piecha.de\/wordpress\/wp-content\/uploads\/2023\/04\/Andreas_Scanner-300x225.png 300w, https:\/\/www.muz-piecha.de\/wordpress\/wp-content\/uploads\/2023\/04\/Andreas_Scanner-768x576.png 768w\" sizes=\"auto, (max-width: 800px) 100vw, 800px\" \/>\t\t\t\t\t\t\t\t\t\t\t\t\t\t\t<\/div>\n\t\t\t\t<\/div>\n\t\t\t\t\t<\/div>\n\t\t<\/div>\n\t\t\t\t\t\t\t<\/div>\n\t\t<\/section>\n\t\t\t\t\t\t\t<\/div>\n\t\t","protected":false},"excerpt":{"rendered":"<p>Gemeinsam sind wir stark, schnell, zuverl\u00e4ssig und pr\u00e4zise. Seit mehr als 25 Jahren realisiert das Vermessungsb\u00fcro Messen und Zeichnen Piecha f\u00fcr Sie deutschlandweit gro\u00dfe und kleine Projekte. Fabrikhallen, Superm\u00e4rkte, B\u00fcrogeb\u00e4ude, Kinderg\u00e4rten, Schulen, Seniorenresidenzen, Kirchen, Sozialwohnungsbau oder eine Luxusvilla: Wir vermessen Geb\u00e4ude, f\u00fcr die Sie den Umbau planen, die Sie sanieren, kaufen oder verkaufen wollen. Ausgestattet &#8230; <a title=\"\u00dcber uns\" class=\"read-more\" href=\"https:\/\/www.muz-piecha.de\/wordpress\/?page_id=83\" aria-label=\"Mehr dazu unter \u00dcber uns\">Weiterlesen<\/a><\/p>\n","protected":false},"author":1,"featured_media":0,"parent":0,"menu_order":0,"comment_status":"closed","ping_status":"closed","template":"","meta":{"footnotes":""},"class_list":["post-83","page","type-page","status-publish"],"_links":{"self":[{"href":"https:\/\/www.muz-piecha.de\/wordpress\/index.php?rest_route=\/wp\/v2\/pages\/83","targetHints":{"allow":["GET"]}}],"collection":[{"href":"https:\/\/www.muz-piecha.de\/wordpress\/index.php?rest_route=\/wp\/v2\/pages"}],"about":[{"href":"https:\/\/www.muz-piecha.de\/wordpress\/index.php?rest_route=\/wp\/v2\/types\/page"}],"author":[{"embeddable":true,"href":"https:\/\/www.muz-piecha.de\/wordpress\/index.php?rest_route=\/wp\/v2\/users\/1"}],"replies":[{"embeddable":true,"href":"https:\/\/www.muz-piecha.de\/wordpress\/index.php?rest_route=%2Fwp%2Fv2%2Fcomments&post=83"}],"version-history":[{"count":67,"href":"https:\/\/www.muz-piecha.de\/wordpress\/index.php?rest_route=\/wp\/v2\/pages\/83\/revisions"}],"predecessor-version":[{"id":1046,"href":"https:\/\/www.muz-piecha.de\/wordpress\/index.php?rest_route=\/wp\/v2\/pages\/83\/revisions\/1046"}],"wp:attachment":[{"href":"https:\/\/www.muz-piecha.de\/wordpress\/index.php?rest_route=%2Fwp%2Fv2%2Fmedia&parent=83"}],"curies":[{"name":"wp","href":"https:\/\/api.w.org\/{rel}","templated":true}]}}